{"id":45810,"date":"2020-02-04T19:59:29","date_gmt":"2020-02-04T18:59:29","guid":{"rendered":"https:\/\/utaiga.com\/shop\/nezaraden\u00e9\/longboard-damske\/"},"modified":"2020-02-11T12:20:43","modified_gmt":"2020-02-11T11:20:43","slug":"longboard-damske","status":"publish","type":"product","link":"https:\/\/utaiga.com\/sk\/obchod\/tricka\/damske\/longboard-damske\/","title":{"rendered":"Longboard (D\u00e1mske)"},"content":{"rendered":"<ul>\n<li><strong>Vyroben\u00e9 zo 100% organickej bavlny s certifik\u00e1tom GOTS<\/strong><br \/>\nTak\u00e1to bavlna je pr\u00edrodn\u00e9, GMO-free vl\u00e1kno, ktor\u00e9 spotreb\u00fava menej vody ako je tomu pri \u0161tandardnej bavlne. Pestuje sa bez pou\u017eitia chemik\u00e1li\u00ed (\u017eiadne hnoj\u00edv\u00e1 a pestic\u00eddy), s d\u00f4razom na striedanie plod\u00edn, ktor\u00e9ho \u00fa\u010delom je zachova\u0165 p\u00f4dou shopn\u00fa udr\u017eiava\u0165 vlhkos\u0165. Tak\u00e1to p\u00f4da je omnoho zdrav\u0161ia a \u00farodnej\u0161ia. Odpad vznikaj\u00faci pri spracovan\u00ed bavlny je zrecyklovan\u00fd pri v\u00fdrobe krm\u00edv pre zvierat\u00e1.<\/li>\n<li><strong>Potla\u010den\u00e9 ekologick\u00fdm, netoxick\u00fdm a 100% rozlo\u017eite\u013en\u00fdmi farbami<\/strong>\u00a0bez \u0165a\u017ek\u00fdch kovov, formaldehydov \u010di alkylphenolov.<\/li>\n<li><strong>Zabalen\u00e9 v Utaiga \u201ccustom\u201d balen\u00ed<\/strong><br \/>\nRe\u0161pektujeme pr\u00edrodu, preto ti toto tri\u010dko pr\u00edde zabalen\u00e9 v na\u0161om \u201ccustom\u201d balen\u00ed, na v\u00fdrobu ktor\u00e9ho boli pou\u017eit\u00e9 len pr\u00edrodn\u00e9 materi\u00e1ly.<\/li>\n<li><strong>S l\u00e1skou dizajnovan\u00e9 a potla\u010den\u00e9 na Slovensku<\/strong><\/li>\n<li><strong>Zodpovedne a v spravodliv\u00fdch podmienkach vyroben\u00e9 v Banglad\u00e9\u0161i<\/strong><\/li>\n<\/ul>\n","protected":false},"excerpt":{"rendered":"<p>&nbsp;<\/p>\n<p style=\"text-align: left;\">Nie je ni\u010d lep\u0161ie ako &#8220;bombn\u00fa\u0165&#8221; kopec za tepl\u00e9ho letn\u00e9ho d\u0148a spolu s partiou kamar\u00e1tov. Tento dizajn sa pok\u00fa\u0161a zachyti\u0165 atmosf\u00e9ru pr\u00e1ve tohto konkr\u00e9tneho momentu.<\/p>\n<p>Design by\u00a0<a href=\"https:\/\/utaiga.com\/sk\/umelci\/zdenko-duliansky\/\" target=\"_blank\" rel=\"noopener noreferrer\">Zdenko Duliansky<\/a><\/p>\n","protected":false},"featured_media":45621,"comment_status":"open","ping_status":"closed","template":"","meta":{"_et_pb_use_builder":"","_et_pb_old_content":"","_et_gb_content_width":"","_monsterinsights_skip_tracking":false,"_monsterinsights_sitenote_active":false,"_monsterinsights_sitenote_note":"","_monsterinsights_sitenote_category":0},"product_brand":[],"product_cat":[68,59,103],"product_tag":[],"class_list":{"0":"post-45810","1":"product","2":"type-product","3":"status-publish","4":"has-post-thumbnail","6":"product_cat-damske","7":"product_cat-tricka","8":"product_cat-zdenko-duliansky-sk","10":"first","11":"instock","12":"taxable","13":"shipping-taxable","14":"purchasable","15":"product-type-variable"},"yoast_head":"<!-- This site is optimized with the Yoast SEO plugin v25.4 - https:\/\/yoast.com\/wordpress\/plugins\/seo\/ -->\n<title>Longboard (D\u00e1mske) | Utaiga<\/title>\n<meta name=\"description\" content=\"Nie je ni\u010d lep\u0161ie ako &quot;bombn\u00fa\u0165&quot; kopec za tepl\u00e9ho letn\u00e9ho d\u0148a s partiou kamar\u00e1tov. Tento dizajn sa pok\u00fa\u0161a zachyti\u0165 atmosf\u00e9ru tohto konkr\u00e9tneho momentu. K\u00fapi\u0165 toto origin\u00e1lne tri\u010dko.\" \/>\n<meta name=\"robots\" content=\"index, follow, max-snippet:-1, max-image-preview:large, max-video-preview:-1\" \/>\n<link rel=\"canonical\" href=\"https:\/\/utaiga.com\/sk\/obchod\/tricka\/damske\/longboard-damske\/\" \/>\n<meta property=\"og:locale\" content=\"sk_SK\" \/>\n<meta property=\"og:type\" content=\"article\" \/>\n<meta property=\"og:title\" content=\"Longboard (D\u00e1mske) | Utaiga\" \/>\n<meta property=\"og:description\" content=\"Nie je ni\u010d lep\u0161ie ako &quot;bombn\u00fa\u0165&quot; kopec za tepl\u00e9ho letn\u00e9ho d\u0148a s partiou kamar\u00e1tov. Tento dizajn sa pok\u00fa\u0161a zachyti\u0165 atmosf\u00e9ru tohto konkr\u00e9tneho momentu. K\u00fapi\u0165 toto origin\u00e1lne tri\u010dko.\" \/>\n<meta property=\"og:url\" content=\"https:\/\/utaiga.com\/sk\/obchod\/tricka\/damske\/longboard-damske\/\" \/>\n<meta property=\"og:site_name\" content=\"Utaiga\" \/>\n<meta property=\"article:publisher\" content=\"https:\/\/www.facebook.com\/utaigaofficial\/\" \/>\n<meta property=\"article:modified_time\" content=\"2020-02-11T11:20:43+00:00\" \/>\n<meta property=\"og:image\" content=\"https:\/\/utaiga.com\/wp-content\/uploads\/2020\/02\/Longboard_women_01.jpg\" \/>\n\t<meta property=\"og:image:width\" content=\"1275\" \/>\n\t<meta property=\"og:image:height\" content=\"1700\" \/>\n\t<meta property=\"og:image:type\" content=\"image\/jpeg\" \/>\n<meta name=\"twitter:card\" content=\"summary_large_image\" \/>\n<meta name=\"twitter:label1\" content=\"Predpokladan\u00fd \u010das \u010d\u00edtania\" \/>\n\t<meta name=\"twitter:data1\" content=\"1 min\u00fata\" \/>\n<script type=\"application\/ld+json\" class=\"yoast-schema-graph\">{\"@context\":\"https:\/\/schema.org\",\"@graph\":[{\"@type\":\"WebPage\",\"@id\":\"https:\/\/utaiga.com\/sk\/obchod\/tricka\/damske\/longboard-damske\/\",\"url\":\"https:\/\/utaiga.com\/sk\/obchod\/tricka\/damske\/longboard-damske\/\",\"name\":\"Longboard (D\u00e1mske) | Utaiga\",\"isPartOf\":{\"@id\":\"https:\/\/utaiga.com\/sk\/#website\"},\"primaryImageOfPage\":{\"@id\":\"https:\/\/utaiga.com\/sk\/obchod\/tricka\/damske\/longboard-damske\/#primaryimage\"},\"image\":{\"@id\":\"https:\/\/utaiga.com\/sk\/obchod\/tricka\/damske\/longboard-damske\/#primaryimage\"},\"thumbnailUrl\":\"https:\/\/utaiga.com\/wp-content\/uploads\/2020\/02\/Longboard_women_01.jpg\",\"datePublished\":\"2020-02-04T18:59:29+00:00\",\"dateModified\":\"2020-02-11T11:20:43+00:00\",\"description\":\"Nie je ni\u010d lep\u0161ie ako \\\"bombn\u00fa\u0165\\\" kopec za tepl\u00e9ho letn\u00e9ho d\u0148a s partiou kamar\u00e1tov. Tento dizajn sa pok\u00fa\u0161a zachyti\u0165 atmosf\u00e9ru tohto konkr\u00e9tneho momentu. K\u00fapi\u0165 toto origin\u00e1lne tri\u010dko.\",\"breadcrumb\":{\"@id\":\"https:\/\/utaiga.com\/sk\/obchod\/tricka\/damske\/longboard-damske\/#breadcrumb\"},\"inLanguage\":\"sk-SK\",\"potentialAction\":[{\"@type\":\"ReadAction\",\"target\":[\"https:\/\/utaiga.com\/sk\/obchod\/tricka\/damske\/longboard-damske\/\"]}]},{\"@type\":\"ImageObject\",\"inLanguage\":\"sk-SK\",\"@id\":\"https:\/\/utaiga.com\/sk\/obchod\/tricka\/damske\/longboard-damske\/#primaryimage\",\"url\":\"https:\/\/utaiga.com\/wp-content\/uploads\/2020\/02\/Longboard_women_01.jpg\",\"contentUrl\":\"https:\/\/utaiga.com\/wp-content\/uploads\/2020\/02\/Longboard_women_01.jpg\",\"width\":1275,\"height\":1700},{\"@type\":\"BreadcrumbList\",\"@id\":\"https:\/\/utaiga.com\/sk\/obchod\/tricka\/damske\/longboard-damske\/#breadcrumb\",\"itemListElement\":[{\"@type\":\"ListItem\",\"position\":1,\"name\":\"Domovsk\u00e1 str\u00e1nka\",\"item\":\"https:\/\/utaiga.com\/sk\/uvod\/\"},{\"@type\":\"ListItem\",\"position\":2,\"name\":\"Obchod pre NEHO\",\"item\":\"https:\/\/utaiga.com\/sk\/obchod\/\"},{\"@type\":\"ListItem\",\"position\":3,\"name\":\"Longboard (D\u00e1mske)\"}]},{\"@type\":\"WebSite\",\"@id\":\"https:\/\/utaiga.com\/sk\/#website\",\"url\":\"https:\/\/utaiga.com\/sk\/\",\"name\":\"Utaiga\",\"description\":\"It&#039;s up to U...\",\"potentialAction\":[{\"@type\":\"SearchAction\",\"target\":{\"@type\":\"EntryPoint\",\"urlTemplate\":\"https:\/\/utaiga.com\/sk\/?s={search_term_string}\"},\"query-input\":{\"@type\":\"PropertyValueSpecification\",\"valueRequired\":true,\"valueName\":\"search_term_string\"}}],\"inLanguage\":\"sk-SK\"}]}<\/script>\n<!-- \/ Yoast SEO plugin. -->","yoast_head_json":{"title":"Longboard (D\u00e1mske) | Utaiga","description":"Nie je ni\u010d lep\u0161ie ako \"bombn\u00fa\u0165\" kopec za tepl\u00e9ho letn\u00e9ho d\u0148a s partiou kamar\u00e1tov. Tento dizajn sa pok\u00fa\u0161a zachyti\u0165 atmosf\u00e9ru tohto konkr\u00e9tneho momentu. K\u00fapi\u0165 toto origin\u00e1lne tri\u010dko.","robots":{"index":"index","follow":"follow","max-snippet":"max-snippet:-1","max-image-preview":"max-image-preview:large","max-video-preview":"max-video-preview:-1"},"canonical":"https:\/\/utaiga.com\/sk\/obchod\/tricka\/damske\/longboard-damske\/","og_locale":"sk_SK","og_type":"article","og_title":"Longboard (D\u00e1mske) | Utaiga","og_description":"Nie je ni\u010d lep\u0161ie ako \"bombn\u00fa\u0165\" kopec za tepl\u00e9ho letn\u00e9ho d\u0148a s partiou kamar\u00e1tov. Tento dizajn sa pok\u00fa\u0161a zachyti\u0165 atmosf\u00e9ru tohto konkr\u00e9tneho momentu. K\u00fapi\u0165 toto origin\u00e1lne tri\u010dko.","og_url":"https:\/\/utaiga.com\/sk\/obchod\/tricka\/damske\/longboard-damske\/","og_site_name":"Utaiga","article_publisher":"https:\/\/www.facebook.com\/utaigaofficial\/","article_modified_time":"2020-02-11T11:20:43+00:00","og_image":[{"width":1275,"height":1700,"url":"https:\/\/utaiga.com\/wp-content\/uploads\/2020\/02\/Longboard_women_01.jpg","type":"image\/jpeg"}],"twitter_card":"summary_large_image","twitter_misc":{"Predpokladan\u00fd \u010das \u010d\u00edtania":"1 min\u00fata"},"schema":{"@context":"https:\/\/schema.org","@graph":[{"@type":"WebPage","@id":"https:\/\/utaiga.com\/sk\/obchod\/tricka\/damske\/longboard-damske\/","url":"https:\/\/utaiga.com\/sk\/obchod\/tricka\/damske\/longboard-damske\/","name":"Longboard (D\u00e1mske) | Utaiga","isPartOf":{"@id":"https:\/\/utaiga.com\/sk\/#website"},"primaryImageOfPage":{"@id":"https:\/\/utaiga.com\/sk\/obchod\/tricka\/damske\/longboard-damske\/#primaryimage"},"image":{"@id":"https:\/\/utaiga.com\/sk\/obchod\/tricka\/damske\/longboard-damske\/#primaryimage"},"thumbnailUrl":"https:\/\/utaiga.com\/wp-content\/uploads\/2020\/02\/Longboard_women_01.jpg","datePublished":"2020-02-04T18:59:29+00:00","dateModified":"2020-02-11T11:20:43+00:00","description":"Nie je ni\u010d lep\u0161ie ako \"bombn\u00fa\u0165\" kopec za tepl\u00e9ho letn\u00e9ho d\u0148a s partiou kamar\u00e1tov. Tento dizajn sa pok\u00fa\u0161a zachyti\u0165 atmosf\u00e9ru tohto konkr\u00e9tneho momentu. K\u00fapi\u0165 toto origin\u00e1lne tri\u010dko.","breadcrumb":{"@id":"https:\/\/utaiga.com\/sk\/obchod\/tricka\/damske\/longboard-damske\/#breadcrumb"},"inLanguage":"sk-SK","potentialAction":[{"@type":"ReadAction","target":["https:\/\/utaiga.com\/sk\/obchod\/tricka\/damske\/longboard-damske\/"]}]},{"@type":"ImageObject","inLanguage":"sk-SK","@id":"https:\/\/utaiga.com\/sk\/obchod\/tricka\/damske\/longboard-damske\/#primaryimage","url":"https:\/\/utaiga.com\/wp-content\/uploads\/2020\/02\/Longboard_women_01.jpg","contentUrl":"https:\/\/utaiga.com\/wp-content\/uploads\/2020\/02\/Longboard_women_01.jpg","width":1275,"height":1700},{"@type":"BreadcrumbList","@id":"https:\/\/utaiga.com\/sk\/obchod\/tricka\/damske\/longboard-damske\/#breadcrumb","itemListElement":[{"@type":"ListItem","position":1,"name":"Domovsk\u00e1 str\u00e1nka","item":"https:\/\/utaiga.com\/sk\/uvod\/"},{"@type":"ListItem","position":2,"name":"Obchod pre NEHO","item":"https:\/\/utaiga.com\/sk\/obchod\/"},{"@type":"ListItem","position":3,"name":"Longboard (D\u00e1mske)"}]},{"@type":"WebSite","@id":"https:\/\/utaiga.com\/sk\/#website","url":"https:\/\/utaiga.com\/sk\/","name":"Utaiga","description":"It&#039;s up to U...","potentialAction":[{"@type":"SearchAction","target":{"@type":"EntryPoint","urlTemplate":"https:\/\/utaiga.com\/sk\/?s={search_term_string}"},"query-input":{"@type":"PropertyValueSpecification","valueRequired":true,"valueName":"search_term_string"}}],"inLanguage":"sk-SK"}]}},"_links":{"self":[{"href":"https:\/\/utaiga.com\/sk\/wp-json\/wp\/v2\/product\/45810","targetHints":{"allow":["GET"]}}],"collection":[{"href":"https:\/\/utaiga.com\/sk\/wp-json\/wp\/v2\/product"}],"about":[{"href":"https:\/\/utaiga.com\/sk\/wp-json\/wp\/v2\/types\/product"}],"replies":[{"embeddable":true,"href":"https:\/\/utaiga.com\/sk\/wp-json\/wp\/v2\/comments?post=45810"}],"wp:featuredmedia":[{"embeddable":true,"href":"https:\/\/utaiga.com\/sk\/wp-json\/wp\/v2\/media\/45621"}],"wp:attachment":[{"href":"https:\/\/utaiga.com\/sk\/wp-json\/wp\/v2\/media?parent=45810"}],"wp:term":[{"taxonomy":"product_brand","embeddable":true,"href":"https:\/\/utaiga.com\/sk\/wp-json\/wp\/v2\/product_brand?post=45810"},{"taxonomy":"product_cat","embeddable":true,"href":"https:\/\/utaiga.com\/sk\/wp-json\/wp\/v2\/product_cat?post=45810"},{"taxonomy":"product_tag","embeddable":true,"href":"https:\/\/utaiga.com\/sk\/wp-json\/wp\/v2\/product_tag?post=45810"}],"curies":[{"name":"wp","href":"https:\/\/api.w.org\/{rel}","templated":true}]}}