{"id":31315,"date":"2018-09-25T19:00:15","date_gmt":"2018-09-25T17:00:16","guid":{"rendered":"https:\/\/utaiga.com\/?post_type=product&#038;p=31315"},"modified":"2021-03-20T19:27:47","modified_gmt":"2021-03-20T18:27:47","slug":"odznak-kava-spaja","status":"publish","type":"product","link":"https:\/\/utaiga.com\/sk\/obchod\/kava-spaja\/kava-spaja-doplnky\/odznak-kava-spaja\/","title":{"rendered":"Odznak K\u00e1va Sp\u00e1ja"},"content":{"rendered":"<ul>\n<li>Kvalitn\u00fd kovov\u00fd odznak<\/li>\n<li>Re\u0161pektujeme pr\u00edrodu, preto ti odznak pr\u00edde zabalen\u00e1 v obale, na v\u00fdrobu ktor\u00e9ho boli pou\u017eit\u00e9 len pr\u00edrodn\u00e9 materi\u00e1ly<\/li>\n<li>Dizajnovan\u00e9 a vyroben\u00e9 na Slovensku<\/li>\n<\/ul>\n","protected":false},"excerpt":{"rendered":"<p>&nbsp;<\/p>\n<p>Kolekciu K\u00e1va Sp\u00e1ja sme vytvorili spolu s kamar\u00e1tkou Luckou, majite\u013ekou a baristkou na\u0161ej ob\u013e\u00fabenej \u017eilinskej kaviarne Street Cafe. V r\u00e1mci tohto projektu sa sna\u017e\u00edme prepoji\u0165 dva svety, ktor\u00e9 m\u00e1me ve\u013emi radi &#8211; svet pr\u00edrody a dizajnu so svetom v\u00fdberovej k\u00e1vy a kaviarn\u00ed.<\/p>\n","protected":false},"featured_media":45387,"comment_status":"open","ping_status":"closed","template":"","meta":{"_et_pb_use_builder":"","_et_pb_old_content":"","_et_gb_content_width":"","_monsterinsights_skip_tracking":false,"_monsterinsights_sitenote_active":false,"_monsterinsights_sitenote_note":"","_monsterinsights_sitenote_category":0},"product_brand":[],"product_cat":[81,85],"product_tag":[],"class_list":{"0":"post-31315","1":"product","2":"type-product","3":"status-publish","4":"has-post-thumbnail","6":"product_cat-kava-spaja","7":"product_cat-kava-spaja-doplnky","9":"first","10":"instock","11":"taxable","12":"shipping-taxable","13":"purchasable","14":"product-type-simple"},"yoast_head":"<!-- This site is optimized with the Yoast SEO plugin v25.4 - https:\/\/yoast.com\/wordpress\/plugins\/seo\/ -->\n<title>Odznak K\u00e1va Sp\u00e1ja | Utaiga<\/title>\n<meta name=\"description\" content=\"Kolekciu K\u00e1va Sp\u00e1ja sme vytvorili spolu s kamar\u00e1tkou Luckou, majite\u013ekou a baristkou na\u0161ej ob\u013e\u00fabenej \u017eilinskej kaviarne Street Cafe. V r\u00e1mci tohto projektu sa sna\u017e\u00edme prepoji\u0165 dva svety, ktor\u00e9 m\u00e1me ve\u013emi radi - svet pr\u00edrody a dizajnu so svetom v\u00fdberovej k\u00e1vy a kaviarn\u00ed.\" \/>\n<meta name=\"robots\" content=\"index, follow, max-snippet:-1, max-image-preview:large, max-video-preview:-1\" \/>\n<link rel=\"canonical\" href=\"https:\/\/utaiga.com\/sk\/obchod\/kava-spaja\/kava-spaja-doplnky\/odznak-kava-spaja\/\" \/>\n<meta property=\"og:locale\" content=\"sk_SK\" \/>\n<meta property=\"og:type\" content=\"article\" \/>\n<meta property=\"og:title\" content=\"Odznak K\u00e1va Sp\u00e1ja | Utaiga\" \/>\n<meta property=\"og:description\" content=\"Kolekciu K\u00e1va Sp\u00e1ja sme vytvorili spolu s kamar\u00e1tkou Luckou, majite\u013ekou a baristkou na\u0161ej ob\u013e\u00fabenej \u017eilinskej kaviarne Street Cafe. V r\u00e1mci tohto projektu sa sna\u017e\u00edme prepoji\u0165 dva svety, ktor\u00e9 m\u00e1me ve\u013emi radi - svet pr\u00edrody a dizajnu so svetom v\u00fdberovej k\u00e1vy a kaviarn\u00ed.\" \/>\n<meta property=\"og:url\" content=\"https:\/\/utaiga.com\/sk\/obchod\/kava-spaja\/kava-spaja-doplnky\/odznak-kava-spaja\/\" \/>\n<meta property=\"og:site_name\" content=\"Utaiga\" \/>\n<meta property=\"article:publisher\" content=\"https:\/\/www.facebook.com\/utaigaofficial\/\" \/>\n<meta property=\"article:modified_time\" content=\"2021-03-20T18:27:47+00:00\" \/>\n<meta property=\"og:image\" content=\"https:\/\/utaiga.com\/wp-content\/uploads\/2018\/09\/Kava-Spaja_pin01.jpg\" \/>\n\t<meta property=\"og:image:width\" content=\"1024\" \/>\n\t<meta property=\"og:image:height\" content=\"1024\" \/>\n\t<meta property=\"og:image:type\" content=\"image\/jpeg\" \/>\n<meta name=\"twitter:card\" content=\"summary_large_image\" \/>\n<script type=\"application\/ld+json\" class=\"yoast-schema-graph\">{\"@context\":\"https:\/\/schema.org\",\"@graph\":[{\"@type\":\"WebPage\",\"@id\":\"https:\/\/utaiga.com\/sk\/obchod\/kava-spaja\/kava-spaja-doplnky\/odznak-kava-spaja\/\",\"url\":\"https:\/\/utaiga.com\/sk\/obchod\/kava-spaja\/kava-spaja-doplnky\/odznak-kava-spaja\/\",\"name\":\"Odznak K\u00e1va Sp\u00e1ja | Utaiga\",\"isPartOf\":{\"@id\":\"https:\/\/utaiga.com\/sk\/#website\"},\"primaryImageOfPage\":{\"@id\":\"https:\/\/utaiga.com\/sk\/obchod\/kava-spaja\/kava-spaja-doplnky\/odznak-kava-spaja\/#primaryimage\"},\"image\":{\"@id\":\"https:\/\/utaiga.com\/sk\/obchod\/kava-spaja\/kava-spaja-doplnky\/odznak-kava-spaja\/#primaryimage\"},\"thumbnailUrl\":\"https:\/\/utaiga.com\/wp-content\/uploads\/2018\/09\/Kava-Spaja_pin01.jpg\",\"datePublished\":\"2018-09-25T17:00:16+00:00\",\"dateModified\":\"2021-03-20T18:27:47+00:00\",\"description\":\"Kolekciu K\u00e1va Sp\u00e1ja sme vytvorili spolu s kamar\u00e1tkou Luckou, majite\u013ekou a baristkou na\u0161ej ob\u013e\u00fabenej \u017eilinskej kaviarne Street Cafe. V r\u00e1mci tohto projektu sa sna\u017e\u00edme prepoji\u0165 dva svety, ktor\u00e9 m\u00e1me ve\u013emi radi - svet pr\u00edrody a dizajnu so svetom v\u00fdberovej k\u00e1vy a kaviarn\u00ed.\",\"breadcrumb\":{\"@id\":\"https:\/\/utaiga.com\/sk\/obchod\/kava-spaja\/kava-spaja-doplnky\/odznak-kava-spaja\/#breadcrumb\"},\"inLanguage\":\"sk-SK\",\"potentialAction\":[{\"@type\":\"ReadAction\",\"target\":[\"https:\/\/utaiga.com\/sk\/obchod\/kava-spaja\/kava-spaja-doplnky\/odznak-kava-spaja\/\"]}]},{\"@type\":\"ImageObject\",\"inLanguage\":\"sk-SK\",\"@id\":\"https:\/\/utaiga.com\/sk\/obchod\/kava-spaja\/kava-spaja-doplnky\/odznak-kava-spaja\/#primaryimage\",\"url\":\"https:\/\/utaiga.com\/wp-content\/uploads\/2018\/09\/Kava-Spaja_pin01.jpg\",\"contentUrl\":\"https:\/\/utaiga.com\/wp-content\/uploads\/2018\/09\/Kava-Spaja_pin01.jpg\",\"width\":1024,\"height\":1024},{\"@type\":\"BreadcrumbList\",\"@id\":\"https:\/\/utaiga.com\/sk\/obchod\/kava-spaja\/kava-spaja-doplnky\/odznak-kava-spaja\/#breadcrumb\",\"itemListElement\":[{\"@type\":\"ListItem\",\"position\":1,\"name\":\"Domovsk\u00e1 str\u00e1nka\",\"item\":\"https:\/\/utaiga.com\/sk\/uvod\/\"},{\"@type\":\"ListItem\",\"position\":2,\"name\":\"Obchod pre NEHO\",\"item\":\"https:\/\/utaiga.com\/sk\/obchod\/\"},{\"@type\":\"ListItem\",\"position\":3,\"name\":\"Odznak K\u00e1va Sp\u00e1ja\"}]},{\"@type\":\"WebSite\",\"@id\":\"https:\/\/utaiga.com\/sk\/#website\",\"url\":\"https:\/\/utaiga.com\/sk\/\",\"name\":\"Utaiga\",\"description\":\"It&#039;s up to U...\",\"potentialAction\":[{\"@type\":\"SearchAction\",\"target\":{\"@type\":\"EntryPoint\",\"urlTemplate\":\"https:\/\/utaiga.com\/sk\/?s={search_term_string}\"},\"query-input\":{\"@type\":\"PropertyValueSpecification\",\"valueRequired\":true,\"valueName\":\"search_term_string\"}}],\"inLanguage\":\"sk-SK\"}]}<\/script>\n<!-- \/ Yoast SEO plugin. -->","yoast_head_json":{"title":"Odznak K\u00e1va Sp\u00e1ja | Utaiga","description":"Kolekciu K\u00e1va Sp\u00e1ja sme vytvorili spolu s kamar\u00e1tkou Luckou, majite\u013ekou a baristkou na\u0161ej ob\u013e\u00fabenej \u017eilinskej kaviarne Street Cafe. V r\u00e1mci tohto projektu sa sna\u017e\u00edme prepoji\u0165 dva svety, ktor\u00e9 m\u00e1me ve\u013emi radi - svet pr\u00edrody a dizajnu so svetom v\u00fdberovej k\u00e1vy a kaviarn\u00ed.","robots":{"index":"index","follow":"follow","max-snippet":"max-snippet:-1","max-image-preview":"max-image-preview:large","max-video-preview":"max-video-preview:-1"},"canonical":"https:\/\/utaiga.com\/sk\/obchod\/kava-spaja\/kava-spaja-doplnky\/odznak-kava-spaja\/","og_locale":"sk_SK","og_type":"article","og_title":"Odznak K\u00e1va Sp\u00e1ja | Utaiga","og_description":"Kolekciu K\u00e1va Sp\u00e1ja sme vytvorili spolu s kamar\u00e1tkou Luckou, majite\u013ekou a baristkou na\u0161ej ob\u013e\u00fabenej \u017eilinskej kaviarne Street Cafe. V r\u00e1mci tohto projektu sa sna\u017e\u00edme prepoji\u0165 dva svety, ktor\u00e9 m\u00e1me ve\u013emi radi - svet pr\u00edrody a dizajnu so svetom v\u00fdberovej k\u00e1vy a kaviarn\u00ed.","og_url":"https:\/\/utaiga.com\/sk\/obchod\/kava-spaja\/kava-spaja-doplnky\/odznak-kava-spaja\/","og_site_name":"Utaiga","article_publisher":"https:\/\/www.facebook.com\/utaigaofficial\/","article_modified_time":"2021-03-20T18:27:47+00:00","og_image":[{"width":1024,"height":1024,"url":"https:\/\/utaiga.com\/wp-content\/uploads\/2018\/09\/Kava-Spaja_pin01.jpg","type":"image\/jpeg"}],"twitter_card":"summary_large_image","schema":{"@context":"https:\/\/schema.org","@graph":[{"@type":"WebPage","@id":"https:\/\/utaiga.com\/sk\/obchod\/kava-spaja\/kava-spaja-doplnky\/odznak-kava-spaja\/","url":"https:\/\/utaiga.com\/sk\/obchod\/kava-spaja\/kava-spaja-doplnky\/odznak-kava-spaja\/","name":"Odznak K\u00e1va Sp\u00e1ja | Utaiga","isPartOf":{"@id":"https:\/\/utaiga.com\/sk\/#website"},"primaryImageOfPage":{"@id":"https:\/\/utaiga.com\/sk\/obchod\/kava-spaja\/kava-spaja-doplnky\/odznak-kava-spaja\/#primaryimage"},"image":{"@id":"https:\/\/utaiga.com\/sk\/obchod\/kava-spaja\/kava-spaja-doplnky\/odznak-kava-spaja\/#primaryimage"},"thumbnailUrl":"https:\/\/utaiga.com\/wp-content\/uploads\/2018\/09\/Kava-Spaja_pin01.jpg","datePublished":"2018-09-25T17:00:16+00:00","dateModified":"2021-03-20T18:27:47+00:00","description":"Kolekciu K\u00e1va Sp\u00e1ja sme vytvorili spolu s kamar\u00e1tkou Luckou, majite\u013ekou a baristkou na\u0161ej ob\u013e\u00fabenej \u017eilinskej kaviarne Street Cafe. V r\u00e1mci tohto projektu sa sna\u017e\u00edme prepoji\u0165 dva svety, ktor\u00e9 m\u00e1me ve\u013emi radi - svet pr\u00edrody a dizajnu so svetom v\u00fdberovej k\u00e1vy a kaviarn\u00ed.","breadcrumb":{"@id":"https:\/\/utaiga.com\/sk\/obchod\/kava-spaja\/kava-spaja-doplnky\/odznak-kava-spaja\/#breadcrumb"},"inLanguage":"sk-SK","potentialAction":[{"@type":"ReadAction","target":["https:\/\/utaiga.com\/sk\/obchod\/kava-spaja\/kava-spaja-doplnky\/odznak-kava-spaja\/"]}]},{"@type":"ImageObject","inLanguage":"sk-SK","@id":"https:\/\/utaiga.com\/sk\/obchod\/kava-spaja\/kava-spaja-doplnky\/odznak-kava-spaja\/#primaryimage","url":"https:\/\/utaiga.com\/wp-content\/uploads\/2018\/09\/Kava-Spaja_pin01.jpg","contentUrl":"https:\/\/utaiga.com\/wp-content\/uploads\/2018\/09\/Kava-Spaja_pin01.jpg","width":1024,"height":1024},{"@type":"BreadcrumbList","@id":"https:\/\/utaiga.com\/sk\/obchod\/kava-spaja\/kava-spaja-doplnky\/odznak-kava-spaja\/#breadcrumb","itemListElement":[{"@type":"ListItem","position":1,"name":"Domovsk\u00e1 str\u00e1nka","item":"https:\/\/utaiga.com\/sk\/uvod\/"},{"@type":"ListItem","position":2,"name":"Obchod pre NEHO","item":"https:\/\/utaiga.com\/sk\/obchod\/"},{"@type":"ListItem","position":3,"name":"Odznak K\u00e1va Sp\u00e1ja"}]},{"@type":"WebSite","@id":"https:\/\/utaiga.com\/sk\/#website","url":"https:\/\/utaiga.com\/sk\/","name":"Utaiga","description":"It&#039;s up to U...","potentialAction":[{"@type":"SearchAction","target":{"@type":"EntryPoint","urlTemplate":"https:\/\/utaiga.com\/sk\/?s={search_term_string}"},"query-input":{"@type":"PropertyValueSpecification","valueRequired":true,"valueName":"search_term_string"}}],"inLanguage":"sk-SK"}]}},"_links":{"self":[{"href":"https:\/\/utaiga.com\/sk\/wp-json\/wp\/v2\/product\/31315","targetHints":{"allow":["GET"]}}],"collection":[{"href":"https:\/\/utaiga.com\/sk\/wp-json\/wp\/v2\/product"}],"about":[{"href":"https:\/\/utaiga.com\/sk\/wp-json\/wp\/v2\/types\/product"}],"replies":[{"embeddable":true,"href":"https:\/\/utaiga.com\/sk\/wp-json\/wp\/v2\/comments?post=31315"}],"wp:featuredmedia":[{"embeddable":true,"href":"https:\/\/utaiga.com\/sk\/wp-json\/wp\/v2\/media\/45387"}],"wp:attachment":[{"href":"https:\/\/utaiga.com\/sk\/wp-json\/wp\/v2\/media?parent=31315"}],"wp:term":[{"taxonomy":"product_brand","embeddable":true,"href":"https:\/\/utaiga.com\/sk\/wp-json\/wp\/v2\/product_brand?post=31315"},{"taxonomy":"product_cat","embeddable":true,"href":"https:\/\/utaiga.com\/sk\/wp-json\/wp\/v2\/product_cat?post=31315"},{"taxonomy":"product_tag","embeddable":true,"href":"https:\/\/utaiga.com\/sk\/wp-json\/wp\/v2\/product_tag?post=31315"}],"curies":[{"name":"wp","href":"https:\/\/api.w.org\/{rel}","templated":true}]}}