{"id":30990,"date":"2018-03-01T20:21:09","date_gmt":"2018-03-01T19:21:13","guid":{"rendered":"http:\/\/utaiga.com\/?post_type=product&#038;p=30990"},"modified":"2022-11-16T20:53:31","modified_gmt":"2022-11-16T19:53:31","slug":"bjorn-damske","status":"publish","type":"product","link":"https:\/\/utaiga.com\/sk\/obchod\/first-collection-sk\/the-first-collection-damske-tricka\/bjorn-damske\/","title":{"rendered":"Bj\u00f8rn (D\u00e1mske)"},"content":{"rendered":"<ul>\n<li>100% Organick\u00e1 fairtrade bavlna<\/li>\n<li>Tri\u010dko bielej farby, ru\u010dne potla\u010den\u00e9 ekologick\u00fdmi farbami na b\u00e1ze vody<\/li>\n<li>Jemne obtiahnut\u00fd strih, prirodzene kop\u00edruj\u00faci postavu<\/li>\n<li>Re\u0161pektujeme pr\u00edrodu, preto ti &#8220;Bj\u00f8rn&#8221; pr\u00edde zabalen\u00fd v na\u0161om &#8220;custom&#8221; obale, na v\u00fdrobu ktor\u00e9ho boli pou\u017eit\u00e9 len pr\u00edrodn\u00e9 materi\u00e1ly<\/li>\n<li>Okrem tri\u010dka sa m\u00f4\u017ee\u0161 te\u0161i\u0165 aj na mal\u00fd dar\u010dek, vyroben\u00fd z odpadov\u00e9ho dreva, ktor\u00e9 by inak skon\u010dilo nevyu\u017eit\u00e9<\/li>\n<li>S l\u00e1skou dizajnovan\u00e9 a potla\u010den\u00e9 na severnom Slovensku, v bezprostrednej bl\u00edzkosti jeho n\u00e1dhern\u00fdch lesov<\/li>\n<\/ul>\n<p>Na\u0161e dizajny s\u00fa tla\u010den\u00e9 v\u00fdhradne na tri\u010dk\u00e1 d\u00e1nskej spolo\u010dnosti\u00a0Neutral\u00ae, ktor\u00e9 sp\u013a\u0148aj\u00fa najvy\u0161\u0161ie soci\u00e1lne, etick\u00e9 a environment\u00e1lne medzin\u00e1rodn\u00e9 \u0161tandardy a maj\u00fa nasledovn\u00e9 certifik\u00e1ty:<\/p>\n<p>&nbsp;<\/p>\n<div id=\"envira-gallery-wrap-30152\" class=\"envira-gallery-wrap envira-gallery-theme-base envira-lightbox-theme-base\" itemscope itemtype=\"https:\/\/schema.org\/ImageGallery\"><div data-row-height=\"\" data-gallery-theme=\"\" id=\"envira-gallery-30152\" class=\"envira-gallery-public  envira-gallery-6-columns envira-clear enviratope envira-gallery-css-animations\" data-envira-columns=\"6\"><div id=\"envira-gallery-item-29025\" class=\"envira-gallery-item enviratope-item envira-gallery-item-1 envira-lazy-load\" style=\"padding-left: 5px; padding-bottom: 10px; padding-right: 5px;\"  itemscope itemtype=\"https:\/\/schema.org\/ImageObject\"><div class=\"envira-gallery-item-inner\"><div class=\"envira-gallery-position-overlay  envira-gallery-top-left\"><\/div><div class=\"envira-gallery-position-overlay  envira-gallery-top-right\"><\/div><div class=\"envira-gallery-position-overlay  envira-gallery-bottom-left\"><\/div><div class=\"envira-gallery-position-overlay  envira-gallery-bottom-right\"><\/div><a href=\"http:\/\/utaiga.com\/sk\/certifikaty\/#organic-cotton\" class=\"envira-gallery-30152 envira-gallery-link\" rel=\"enviragallery30152\" title=\"100% Organick&aacute; bavlna\" data-envira-caption=\"100% Organick&aacute; bavlna\" data-envira-retina=\"\" data-thumbnail=\"\"  itemprop=\"contentUrl\"><div class=\"envira-lazy\" data-test-width=\"150\" data-test-height=\"400\" style=\"padding-bottom:266.666666667%;\"><img decoding=\"async\" id=\"envira-gallery-image-29025\" class=\"envira-gallery-image envira-gallery-image-1\" data-envira-index=\"1\" src=\"https:\/\/utaiga.com\/wp-content\/uploads\/2017\/05\/100-Certified-Organic-Cotton_200x267-150x400.png\" data-envira-src=\"https:\/\/utaiga.com\/wp-content\/uploads\/2017\/05\/100-Certified-Organic-Cotton_200x267-150x400.png\" data-envira-gallery-id=\"30152\" data-envira-item-id=\"29025\" data-envira-caption=\"100% Organick&aacute; bavlna\" alt=\"100% Organick\u00e1 bavlna\" title=\"100% Organick&amp;aacute; bavlna\"  itemprop=\"thumbnailUrl\" data-envira-srcset=\"https:\/\/utaiga.com\/wp-content\/uploads\/2017\/05\/100-Certified-Organic-Cotton_200x267-150x400.png 400w,https:\/\/utaiga.com\/wp-content\/uploads\/2017\/05\/100-Certified-Organic-Cotton_200x267-150x400.png 2x\" srcset=\"data:image\/gif;base64,R0lGODlhAQABAIAAAP\/\/\/\/\/\/\/yH5BAEKAAEALAAAAAABAAEAAAICTAEAOw==\" \/><\/div><\/a><\/div><\/div><div id=\"envira-gallery-item-29026\" class=\"envira-gallery-item enviratope-item envira-gallery-item-2 envira-lazy-load\" style=\"padding-left: 5px; padding-bottom: 10px; padding-right: 5px;\"  itemscope itemtype=\"https:\/\/schema.org\/ImageObject\"><div class=\"envira-gallery-item-inner\"><div class=\"envira-gallery-position-overlay  envira-gallery-top-left\"><\/div><div class=\"envira-gallery-position-overlay  envira-gallery-top-right\"><\/div><div class=\"envira-gallery-position-overlay  envira-gallery-bottom-left\"><\/div><div class=\"envira-gallery-position-overlay  envira-gallery-bottom-right\"><\/div><a href=\"http:\/\/utaiga.com\/sk\/certifikaty\/#eu-ecolabel\" class=\"envira-gallery-30152 envira-gallery-link\" rel=\"enviragallery30152\" title=\"EU Ecolabel\" data-envira-caption=\"EU Ecolabel\" data-envira-retina=\"\" data-thumbnail=\"\"  itemprop=\"contentUrl\"><div class=\"envira-lazy\" data-test-width=\"150\" data-test-height=\"400\" style=\"padding-bottom:266.666666667%;\"><img decoding=\"async\" id=\"envira-gallery-image-29026\" class=\"envira-gallery-image envira-gallery-image-2\" data-envira-index=\"2\" src=\"https:\/\/utaiga.com\/wp-content\/uploads\/2017\/05\/EU-Ecolabel_200x267-150x400.png\" data-envira-src=\"https:\/\/utaiga.com\/wp-content\/uploads\/2017\/05\/EU-Ecolabel_200x267-150x400.png\" data-envira-gallery-id=\"30152\" data-envira-item-id=\"29026\" data-envira-caption=\"EU Ecolabel\" alt=\"EU Ecolabel\" title=\"EU Ecolabel\"  itemprop=\"thumbnailUrl\" data-envira-srcset=\"https:\/\/utaiga.com\/wp-content\/uploads\/2017\/05\/EU-Ecolabel_200x267-150x400.png 400w,https:\/\/utaiga.com\/wp-content\/uploads\/2017\/05\/EU-Ecolabel_200x267-150x400.png 2x\" srcset=\"data:image\/gif;base64,R0lGODlhAQABAIAAAP\/\/\/\/\/\/\/yH5BAEKAAEALAAAAAABAAEAAAICTAEAOw==\" \/><\/div><\/a><\/div><\/div><div id=\"envira-gallery-item-29027\" class=\"envira-gallery-item enviratope-item envira-gallery-item-3 envira-lazy-load\" style=\"padding-left: 5px; padding-bottom: 10px; padding-right: 5px;\"  itemscope itemtype=\"https:\/\/schema.org\/ImageObject\"><div class=\"envira-gallery-item-inner\"><div class=\"envira-gallery-position-overlay  envira-gallery-top-left\"><\/div><div class=\"envira-gallery-position-overlay  envira-gallery-top-right\"><\/div><div class=\"envira-gallery-position-overlay  envira-gallery-bottom-left\"><\/div><div class=\"envira-gallery-position-overlay  envira-gallery-bottom-right\"><\/div><a href=\"http:\/\/utaiga.com\/sk\/certifikaty\/#fairtrade\" class=\"envira-gallery-30152 envira-gallery-link\" rel=\"enviragallery30152\" title=\"Fairtrade\" data-envira-caption=\"Fairtrade\" data-envira-retina=\"\" data-thumbnail=\"\"  itemprop=\"contentUrl\"><div class=\"envira-lazy\" data-test-width=\"150\" data-test-height=\"400\" style=\"padding-bottom:266.666666667%;\"><img decoding=\"async\" id=\"envira-gallery-image-29027\" class=\"envira-gallery-image envira-gallery-image-3\" data-envira-index=\"3\" src=\"https:\/\/utaiga.com\/wp-content\/uploads\/2017\/05\/Fairtrade_200x267-150x400.png\" data-envira-src=\"https:\/\/utaiga.com\/wp-content\/uploads\/2017\/05\/Fairtrade_200x267-150x400.png\" data-envira-gallery-id=\"30152\" data-envira-item-id=\"29027\" data-envira-caption=\"Fairtrade\" alt=\"Fairtrade\" title=\"Fairtrade\"  itemprop=\"thumbnailUrl\" data-envira-srcset=\"https:\/\/utaiga.com\/wp-content\/uploads\/2017\/05\/Fairtrade_200x267-150x400.png 400w,https:\/\/utaiga.com\/wp-content\/uploads\/2017\/05\/Fairtrade_200x267-150x400.png 2x\" srcset=\"data:image\/gif;base64,R0lGODlhAQABAIAAAP\/\/\/\/\/\/\/yH5BAEKAAEALAAAAAABAAEAAAICTAEAOw==\" \/><\/div><\/a><\/div><\/div><div id=\"envira-gallery-item-29030\" class=\"envira-gallery-item enviratope-item envira-gallery-item-4 envira-lazy-load\" style=\"padding-left: 5px; padding-bottom: 10px; padding-right: 5px;\"  itemscope itemtype=\"https:\/\/schema.org\/ImageObject\"><div class=\"envira-gallery-item-inner\"><div class=\"envira-gallery-position-overlay  envira-gallery-top-left\"><\/div><div class=\"envira-gallery-position-overlay  envira-gallery-top-right\"><\/div><div class=\"envira-gallery-position-overlay  envira-gallery-bottom-left\"><\/div><div class=\"envira-gallery-position-overlay  envira-gallery-bottom-right\"><\/div><a href=\"http:\/\/utaiga.com\/sk\/certifikaty\/#SA8000\" class=\"envira-gallery-30152 envira-gallery-link\" rel=\"enviragallery30152\" title=\"SA8000\" data-envira-caption=\"SA8000\" data-envira-retina=\"\" data-thumbnail=\"\"  itemprop=\"contentUrl\"><div class=\"envira-lazy\" data-test-width=\"150\" data-test-height=\"400\" style=\"padding-bottom:266.666666667%;\"><img decoding=\"async\" id=\"envira-gallery-image-29030\" class=\"envira-gallery-image envira-gallery-image-4\" data-envira-index=\"4\" src=\"https:\/\/utaiga.com\/wp-content\/uploads\/2017\/05\/SA8000_200x267-150x400.png\" data-envira-src=\"https:\/\/utaiga.com\/wp-content\/uploads\/2017\/05\/SA8000_200x267-150x400.png\" data-envira-gallery-id=\"30152\" data-envira-item-id=\"29030\" data-envira-caption=\"SA8000\" alt=\"SA8000\" title=\"SA8000\"  itemprop=\"thumbnailUrl\" data-envira-srcset=\"https:\/\/utaiga.com\/wp-content\/uploads\/2017\/05\/SA8000_200x267-150x400.png 400w,https:\/\/utaiga.com\/wp-content\/uploads\/2017\/05\/SA8000_200x267-150x400.png 2x\" srcset=\"data:image\/gif;base64,R0lGODlhAQABAIAAAP\/\/\/\/\/\/\/yH5BAEKAAEALAAAAAABAAEAAAICTAEAOw==\" \/><\/div><\/a><\/div><\/div><div id=\"envira-gallery-item-29028\" class=\"envira-gallery-item enviratope-item envira-gallery-item-5 envira-lazy-load\" style=\"padding-left: 5px; padding-bottom: 10px; padding-right: 5px;\"  itemscope itemtype=\"https:\/\/schema.org\/ImageObject\"><div class=\"envira-gallery-item-inner\"><div class=\"envira-gallery-position-overlay  envira-gallery-top-left\"><\/div><div class=\"envira-gallery-position-overlay  envira-gallery-top-right\"><\/div><div class=\"envira-gallery-position-overlay  envira-gallery-bottom-left\"><\/div><div class=\"envira-gallery-position-overlay  envira-gallery-bottom-right\"><\/div><a href=\"http:\/\/utaiga.com\/sk\/certifikaty\/#neutral-responsibility\" class=\"envira-gallery-30152 envira-gallery-link\" rel=\"enviragallery30152\" title=\"Zodpovednos\u0165 spolo\u010dnosti Neutral&reg;\" data-envira-caption=\"Zodpovednos\u0165 spolo\u010dnosti Neutral&reg;\" data-envira-retina=\"\" data-thumbnail=\"\"  itemprop=\"contentUrl\"><div class=\"envira-lazy\" data-test-width=\"150\" data-test-height=\"400\" style=\"padding-bottom:266.666666667%;\"><img decoding=\"async\" id=\"envira-gallery-image-29028\" class=\"envira-gallery-image envira-gallery-image-5\" data-envira-index=\"5\" src=\"https:\/\/utaiga.com\/wp-content\/uploads\/2017\/05\/Neutral-Responsibility_200x267-150x400.png\" data-envira-src=\"https:\/\/utaiga.com\/wp-content\/uploads\/2017\/05\/Neutral-Responsibility_200x267-150x400.png\" data-envira-gallery-id=\"30152\" data-envira-item-id=\"29028\" data-envira-caption=\"Zodpovednos\u0165 spolo\u010dnosti Neutral&reg;\" alt=\"Zodpovednos\u0165 spolo\u010dnosti Neutral\u00ae\" title=\"Zodpovednos\u0165 spolo\u010dnosti Neutral&amp;reg;\"  itemprop=\"thumbnailUrl\" data-envira-srcset=\"https:\/\/utaiga.com\/wp-content\/uploads\/2017\/05\/Neutral-Responsibility_200x267-150x400.png 400w,https:\/\/utaiga.com\/wp-content\/uploads\/2017\/05\/Neutral-Responsibility_200x267-150x400.png 2x\" srcset=\"data:image\/gif;base64,R0lGODlhAQABAIAAAP\/\/\/\/\/\/\/yH5BAEKAAEALAAAAAABAAEAAAICTAEAOw==\" \/><\/div><\/a><\/div><\/div><div id=\"envira-gallery-item-29029\" class=\"envira-gallery-item enviratope-item envira-gallery-item-6 envira-lazy-load\" style=\"padding-left: 5px; padding-bottom: 10px; padding-right: 5px;\"  itemscope itemtype=\"https:\/\/schema.org\/ImageObject\"><div class=\"envira-gallery-item-inner\"><div class=\"envira-gallery-position-overlay  envira-gallery-top-left\"><\/div><div class=\"envira-gallery-position-overlay  envira-gallery-top-right\"><\/div><div class=\"envira-gallery-position-overlay  envira-gallery-bottom-left\"><\/div><div class=\"envira-gallery-position-overlay  envira-gallery-bottom-right\"><\/div><a href=\"http:\/\/utaiga.com\/sk\/certifikaty\/#oeko-tex\" class=\"envira-gallery-30152 envira-gallery-link\" rel=\"enviragallery30152\" title=\"Oeko-Tex\" data-envira-caption=\"Oeko-Tex\" data-envira-retina=\"\" data-thumbnail=\"\"  itemprop=\"contentUrl\"><div class=\"envira-lazy\" data-test-width=\"150\" data-test-height=\"400\" style=\"padding-bottom:266.666666667%;\"><img decoding=\"async\" id=\"envira-gallery-image-29029\" class=\"envira-gallery-image envira-gallery-image-6\" data-envira-index=\"6\" src=\"https:\/\/utaiga.com\/wp-content\/uploads\/2017\/05\/Oeko-Tex_200x267-150x400.png\" data-envira-src=\"https:\/\/utaiga.com\/wp-content\/uploads\/2017\/05\/Oeko-Tex_200x267-150x400.png\" data-envira-gallery-id=\"30152\" data-envira-item-id=\"29029\" data-envira-caption=\"Oeko-Tex\" alt=\"Oeko-Tex\" title=\"Oeko-Tex\"  itemprop=\"thumbnailUrl\" data-envira-srcset=\"https:\/\/utaiga.com\/wp-content\/uploads\/2017\/05\/Oeko-Tex_200x267-150x400.png 400w,https:\/\/utaiga.com\/wp-content\/uploads\/2017\/05\/Oeko-Tex_200x267-150x400.png 2x\" srcset=\"data:image\/gif;base64,R0lGODlhAQABAIAAAP\/\/\/\/\/\/\/yH5BAEKAAEALAAAAAABAAEAAAICTAEAOw==\" \/><\/div><\/a><\/div><\/div><\/div><\/div><noscript><img decoding=\"async\" src=\"https:\/\/utaiga.com\/wp-content\/uploads\/2017\/05\/100-Certified-Organic-Cotton_200x267.png\" alt=\"100% Organick\u00e1 bavlna\" \/><img decoding=\"async\" src=\"https:\/\/utaiga.com\/wp-content\/uploads\/2017\/05\/EU-Ecolabel_200x267.png\" alt=\"EU Ecolabel\" \/><img decoding=\"async\" src=\"https:\/\/utaiga.com\/wp-content\/uploads\/2017\/05\/Fairtrade_200x267.png\" alt=\"Fairtrade\" \/><img decoding=\"async\" src=\"https:\/\/utaiga.com\/wp-content\/uploads\/2017\/05\/SA8000_200x267.png\" alt=\"SA8000\" \/><img decoding=\"async\" src=\"https:\/\/utaiga.com\/wp-content\/uploads\/2017\/05\/Neutral-Responsibility_200x267.png\" alt=\"Zodpovednos\u0165 spolo\u010dnosti Neutral\u00ae\" \/><img decoding=\"async\" src=\"https:\/\/utaiga.com\/wp-content\/uploads\/2017\/05\/Oeko-Tex_200x267.png\" alt=\"Oeko-Tex\" \/><\/noscript>\n<p style=\"text-align: center;\">&#8211; kliknut\u00edm na certifik\u00e1t sa o \u0148om dozvie\u0161 viac inform\u00e1ci\u00ed &#8211;<\/p>\n<h2><\/h2>\n<h2>TABU\u013dKY VE\u013dKOST\u00cd<\/h2>\n<p>&nbsp;<\/p>\n<p><img loading=\"lazy\" decoding=\"async\" class=\"aligncenter size-full wp-image-30698\" src=\"http:\/\/utaiga.com\/wp-content\/uploads\/2017\/11\/Velkostna-tabulka-mix_final.png\" alt=\"Velkostna tabulka\" width=\"1024\" height=\"1140\" srcset=\"https:\/\/utaiga.com\/wp-content\/uploads\/2017\/11\/Velkostna-tabulka-mix_final.png 1024w, https:\/\/utaiga.com\/wp-content\/uploads\/2017\/11\/Velkostna-tabulka-mix_final-400x445.png 400w, https:\/\/utaiga.com\/wp-content\/uploads\/2017\/11\/Velkostna-tabulka-mix_final-510x568.png 510w, https:\/\/utaiga.com\/wp-content\/uploads\/2017\/11\/Velkostna-tabulka-mix_final-359x400.png 359w, https:\/\/utaiga.com\/wp-content\/uploads\/2017\/11\/Velkostna-tabulka-mix_final-768x855.png 768w, https:\/\/utaiga.com\/wp-content\/uploads\/2017\/11\/Velkostna-tabulka-mix_final-920x1024.png 920w, https:\/\/utaiga.com\/wp-content\/uploads\/2017\/11\/Velkostna-tabulka-mix_final-543x605.png 543w, https:\/\/utaiga.com\/wp-content\/uploads\/2017\/11\/Velkostna-tabulka-mix_final-764x850.png 764w\" sizes=\"auto, (max-width: 1024px) 100vw, 1024px\" \/><\/p>\n","protected":false},"excerpt":{"rendered":"<p>&nbsp;<\/p>\n<p>Najv\u00e4\u010d\u0161ie zviera eur\u00f3pskych lesov. Jedine stretnutie zo\u010di &#8211; vo\u010di v divej pr\u00edrode odhal\u00ed jeho ozajstn\u00fa silu.<\/p>\n<p>Prostredn\u00edctvom tohto dizajnu ho teraz v\u00a0zjednodu\u0161enej podobe prin\u00e1\u0161ame aj do ul\u00edc mesta.<\/p>\n<p>Dizajn by <a href=\"http:\/\/utaiga.com\/sk\/dizajneri\/jakub-ksinan\/\" target=\"_blank\" rel=\"noopener\">Jakub Ksi\u0148an<\/a><\/p>\n","protected":false},"featured_media":29486,"comment_status":"open","ping_status":"closed","template":"","meta":{"_et_pb_use_builder":"","_et_pb_old_content":"","_et_gb_content_width":"","_monsterinsights_skip_tracking":false,"_monsterinsights_sitenote_active":false,"_monsterinsights_sitenote_note":"","_monsterinsights_sitenote_category":0},"product_brand":[],"product_cat":[68,61,65,95,59],"product_tag":[],"class_list":{"0":"post-30990","1":"product","2":"type-product","3":"status-publish","4":"has-post-thumbnail","6":"product_cat-damske","7":"product_cat-jakub-ksinan-sk","8":"product_cat-first-collection-sk","9":"product_cat-the-first-collection-damske-tricka","10":"product_cat-tricka","12":"first","13":"instock","14":"taxable","15":"shipping-taxable","16":"purchasable","17":"product-type-variable"},"yoast_head":"<!-- This site is optimized with the Yoast SEO plugin v25.4 - https:\/\/yoast.com\/wordpress\/plugins\/seo\/ -->\n<title>Bj\u00f8rn (D\u00e1mske) | Utaiga<\/title>\n<meta name=\"description\" content=\"K\u00fapi\u0165 tri\u010dko Bj\u00f8rn. Najv\u00e4\u010d\u0161ie zviera eur\u00f3pskych lesov. Jedine stretnutie zo\u010di \u2013 vo\u010di v pr\u00edrode odhal\u00ed jeho ozajstn\u00fa silu.\" \/>\n<meta name=\"robots\" content=\"index, follow, max-snippet:-1, max-image-preview:large, max-video-preview:-1\" \/>\n<link rel=\"canonical\" href=\"https:\/\/utaiga.com\/sk\/obchod\/first-collection-sk\/the-first-collection-damske-tricka\/bjorn-damske\/\" \/>\n<meta property=\"og:locale\" content=\"sk_SK\" \/>\n<meta property=\"og:type\" content=\"article\" \/>\n<meta property=\"og:title\" content=\"Bj\u00f8rn (D\u00e1mske) | Utaiga\" \/>\n<meta property=\"og:description\" content=\"K\u00fapi\u0165 tri\u010dko Bj\u00f8rn. Najv\u00e4\u010d\u0161ie zviera eur\u00f3pskych lesov. Jedine stretnutie zo\u010di \u2013 vo\u010di v pr\u00edrode odhal\u00ed jeho ozajstn\u00fa silu.\" \/>\n<meta property=\"og:url\" content=\"https:\/\/utaiga.com\/sk\/obchod\/first-collection-sk\/the-first-collection-damske-tricka\/bjorn-damske\/\" \/>\n<meta property=\"og:site_name\" content=\"Utaiga\" \/>\n<meta property=\"article:publisher\" content=\"https:\/\/www.facebook.com\/utaigaofficial\/\" \/>\n<meta property=\"article:modified_time\" content=\"2022-11-16T19:53:31+00:00\" \/>\n<meta property=\"og:image\" content=\"https:\/\/utaiga.com\/wp-content\/uploads\/2017\/05\/Bjorn_woman_1024x1024.jpg\" \/>\n\t<meta property=\"og:image:width\" content=\"1024\" \/>\n\t<meta property=\"og:image:height\" content=\"1024\" \/>\n\t<meta property=\"og:image:type\" content=\"image\/jpeg\" \/>\n<meta name=\"twitter:card\" content=\"summary_large_image\" \/>\n<meta name=\"twitter:label1\" content=\"Predpokladan\u00fd \u010das \u010d\u00edtania\" \/>\n\t<meta name=\"twitter:data1\" content=\"1 min\u00fata\" \/>\n<script type=\"application\/ld+json\" class=\"yoast-schema-graph\">{\"@context\":\"https:\/\/schema.org\",\"@graph\":[{\"@type\":\"WebPage\",\"@id\":\"https:\/\/utaiga.com\/sk\/obchod\/first-collection-sk\/the-first-collection-damske-tricka\/bjorn-damske\/\",\"url\":\"https:\/\/utaiga.com\/sk\/obchod\/first-collection-sk\/the-first-collection-damske-tricka\/bjorn-damske\/\",\"name\":\"Bj\u00f8rn (D\u00e1mske) | Utaiga\",\"isPartOf\":{\"@id\":\"https:\/\/utaiga.com\/sk\/#website\"},\"primaryImageOfPage\":{\"@id\":\"https:\/\/utaiga.com\/sk\/obchod\/first-collection-sk\/the-first-collection-damske-tricka\/bjorn-damske\/#primaryimage\"},\"image\":{\"@id\":\"https:\/\/utaiga.com\/sk\/obchod\/first-collection-sk\/the-first-collection-damske-tricka\/bjorn-damske\/#primaryimage\"},\"thumbnailUrl\":\"https:\/\/utaiga.com\/wp-content\/uploads\/2017\/05\/Bjorn_woman_1024x1024.jpg\",\"datePublished\":\"2018-03-01T19:21:13+00:00\",\"dateModified\":\"2022-11-16T19:53:31+00:00\",\"description\":\"K\u00fapi\u0165 tri\u010dko Bj\u00f8rn. Najv\u00e4\u010d\u0161ie zviera eur\u00f3pskych lesov. Jedine stretnutie zo\u010di \u2013 vo\u010di v pr\u00edrode odhal\u00ed jeho ozajstn\u00fa silu.\",\"breadcrumb\":{\"@id\":\"https:\/\/utaiga.com\/sk\/obchod\/first-collection-sk\/the-first-collection-damske-tricka\/bjorn-damske\/#breadcrumb\"},\"inLanguage\":\"sk-SK\",\"potentialAction\":[{\"@type\":\"ReadAction\",\"target\":[\"https:\/\/utaiga.com\/sk\/obchod\/first-collection-sk\/the-first-collection-damske-tricka\/bjorn-damske\/\"]}]},{\"@type\":\"ImageObject\",\"inLanguage\":\"sk-SK\",\"@id\":\"https:\/\/utaiga.com\/sk\/obchod\/first-collection-sk\/the-first-collection-damske-tricka\/bjorn-damske\/#primaryimage\",\"url\":\"https:\/\/utaiga.com\/wp-content\/uploads\/2017\/05\/Bjorn_woman_1024x1024.jpg\",\"contentUrl\":\"https:\/\/utaiga.com\/wp-content\/uploads\/2017\/05\/Bjorn_woman_1024x1024.jpg\",\"width\":1024,\"height\":1024,\"caption\":\"Bj\u00f8rn d\u00e1mske\"},{\"@type\":\"BreadcrumbList\",\"@id\":\"https:\/\/utaiga.com\/sk\/obchod\/first-collection-sk\/the-first-collection-damske-tricka\/bjorn-damske\/#breadcrumb\",\"itemListElement\":[{\"@type\":\"ListItem\",\"position\":1,\"name\":\"Domovsk\u00e1 str\u00e1nka\",\"item\":\"https:\/\/utaiga.com\/sk\/uvod\/\"},{\"@type\":\"ListItem\",\"position\":2,\"name\":\"Obchod pre NEHO\",\"item\":\"https:\/\/utaiga.com\/sk\/obchod\/\"},{\"@type\":\"ListItem\",\"position\":3,\"name\":\"Bj\u00f8rn (D\u00e1mske)\"}]},{\"@type\":\"WebSite\",\"@id\":\"https:\/\/utaiga.com\/sk\/#website\",\"url\":\"https:\/\/utaiga.com\/sk\/\",\"name\":\"Utaiga\",\"description\":\"It&#039;s up to U...\",\"potentialAction\":[{\"@type\":\"SearchAction\",\"target\":{\"@type\":\"EntryPoint\",\"urlTemplate\":\"https:\/\/utaiga.com\/sk\/?s={search_term_string}\"},\"query-input\":{\"@type\":\"PropertyValueSpecification\",\"valueRequired\":true,\"valueName\":\"search_term_string\"}}],\"inLanguage\":\"sk-SK\"}]}<\/script>\n<!-- \/ Yoast SEO plugin. -->","yoast_head_json":{"title":"Bj\u00f8rn (D\u00e1mske) | Utaiga","description":"K\u00fapi\u0165 tri\u010dko Bj\u00f8rn. Najv\u00e4\u010d\u0161ie zviera eur\u00f3pskych lesov. Jedine stretnutie zo\u010di \u2013 vo\u010di v pr\u00edrode odhal\u00ed jeho ozajstn\u00fa silu.","robots":{"index":"index","follow":"follow","max-snippet":"max-snippet:-1","max-image-preview":"max-image-preview:large","max-video-preview":"max-video-preview:-1"},"canonical":"https:\/\/utaiga.com\/sk\/obchod\/first-collection-sk\/the-first-collection-damske-tricka\/bjorn-damske\/","og_locale":"sk_SK","og_type":"article","og_title":"Bj\u00f8rn (D\u00e1mske) | Utaiga","og_description":"K\u00fapi\u0165 tri\u010dko Bj\u00f8rn. Najv\u00e4\u010d\u0161ie zviera eur\u00f3pskych lesov. Jedine stretnutie zo\u010di \u2013 vo\u010di v pr\u00edrode odhal\u00ed jeho ozajstn\u00fa silu.","og_url":"https:\/\/utaiga.com\/sk\/obchod\/first-collection-sk\/the-first-collection-damske-tricka\/bjorn-damske\/","og_site_name":"Utaiga","article_publisher":"https:\/\/www.facebook.com\/utaigaofficial\/","article_modified_time":"2022-11-16T19:53:31+00:00","og_image":[{"width":1024,"height":1024,"url":"https:\/\/utaiga.com\/wp-content\/uploads\/2017\/05\/Bjorn_woman_1024x1024.jpg","type":"image\/jpeg"}],"twitter_card":"summary_large_image","twitter_misc":{"Predpokladan\u00fd \u010das \u010d\u00edtania":"1 min\u00fata"},"schema":{"@context":"https:\/\/schema.org","@graph":[{"@type":"WebPage","@id":"https:\/\/utaiga.com\/sk\/obchod\/first-collection-sk\/the-first-collection-damske-tricka\/bjorn-damske\/","url":"https:\/\/utaiga.com\/sk\/obchod\/first-collection-sk\/the-first-collection-damske-tricka\/bjorn-damske\/","name":"Bj\u00f8rn (D\u00e1mske) | Utaiga","isPartOf":{"@id":"https:\/\/utaiga.com\/sk\/#website"},"primaryImageOfPage":{"@id":"https:\/\/utaiga.com\/sk\/obchod\/first-collection-sk\/the-first-collection-damske-tricka\/bjorn-damske\/#primaryimage"},"image":{"@id":"https:\/\/utaiga.com\/sk\/obchod\/first-collection-sk\/the-first-collection-damske-tricka\/bjorn-damske\/#primaryimage"},"thumbnailUrl":"https:\/\/utaiga.com\/wp-content\/uploads\/2017\/05\/Bjorn_woman_1024x1024.jpg","datePublished":"2018-03-01T19:21:13+00:00","dateModified":"2022-11-16T19:53:31+00:00","description":"K\u00fapi\u0165 tri\u010dko Bj\u00f8rn. Najv\u00e4\u010d\u0161ie zviera eur\u00f3pskych lesov. Jedine stretnutie zo\u010di \u2013 vo\u010di v pr\u00edrode odhal\u00ed jeho ozajstn\u00fa silu.","breadcrumb":{"@id":"https:\/\/utaiga.com\/sk\/obchod\/first-collection-sk\/the-first-collection-damske-tricka\/bjorn-damske\/#breadcrumb"},"inLanguage":"sk-SK","potentialAction":[{"@type":"ReadAction","target":["https:\/\/utaiga.com\/sk\/obchod\/first-collection-sk\/the-first-collection-damske-tricka\/bjorn-damske\/"]}]},{"@type":"ImageObject","inLanguage":"sk-SK","@id":"https:\/\/utaiga.com\/sk\/obchod\/first-collection-sk\/the-first-collection-damske-tricka\/bjorn-damske\/#primaryimage","url":"https:\/\/utaiga.com\/wp-content\/uploads\/2017\/05\/Bjorn_woman_1024x1024.jpg","contentUrl":"https:\/\/utaiga.com\/wp-content\/uploads\/2017\/05\/Bjorn_woman_1024x1024.jpg","width":1024,"height":1024,"caption":"Bj\u00f8rn d\u00e1mske"},{"@type":"BreadcrumbList","@id":"https:\/\/utaiga.com\/sk\/obchod\/first-collection-sk\/the-first-collection-damske-tricka\/bjorn-damske\/#breadcrumb","itemListElement":[{"@type":"ListItem","position":1,"name":"Domovsk\u00e1 str\u00e1nka","item":"https:\/\/utaiga.com\/sk\/uvod\/"},{"@type":"ListItem","position":2,"name":"Obchod pre NEHO","item":"https:\/\/utaiga.com\/sk\/obchod\/"},{"@type":"ListItem","position":3,"name":"Bj\u00f8rn (D\u00e1mske)"}]},{"@type":"WebSite","@id":"https:\/\/utaiga.com\/sk\/#website","url":"https:\/\/utaiga.com\/sk\/","name":"Utaiga","description":"It&#039;s up to U...","potentialAction":[{"@type":"SearchAction","target":{"@type":"EntryPoint","urlTemplate":"https:\/\/utaiga.com\/sk\/?s={search_term_string}"},"query-input":{"@type":"PropertyValueSpecification","valueRequired":true,"valueName":"search_term_string"}}],"inLanguage":"sk-SK"}]}},"_links":{"self":[{"href":"https:\/\/utaiga.com\/sk\/wp-json\/wp\/v2\/product\/30990","targetHints":{"allow":["GET"]}}],"collection":[{"href":"https:\/\/utaiga.com\/sk\/wp-json\/wp\/v2\/product"}],"about":[{"href":"https:\/\/utaiga.com\/sk\/wp-json\/wp\/v2\/types\/product"}],"replies":[{"embeddable":true,"href":"https:\/\/utaiga.com\/sk\/wp-json\/wp\/v2\/comments?post=30990"}],"wp:featuredmedia":[{"embeddable":true,"href":"https:\/\/utaiga.com\/sk\/wp-json\/wp\/v2\/media\/29486"}],"wp:attachment":[{"href":"https:\/\/utaiga.com\/sk\/wp-json\/wp\/v2\/media?parent=30990"}],"wp:term":[{"taxonomy":"product_brand","embeddable":true,"href":"https:\/\/utaiga.com\/sk\/wp-json\/wp\/v2\/product_brand?post=30990"},{"taxonomy":"product_cat","embeddable":true,"href":"https:\/\/utaiga.com\/sk\/wp-json\/wp\/v2\/product_cat?post=30990"},{"taxonomy":"product_tag","embeddable":true,"href":"https:\/\/utaiga.com\/sk\/wp-json\/wp\/v2\/product_tag?post=30990"}],"curies":[{"name":"wp","href":"https:\/\/api.w.org\/{rel}","templated":true}]}}