{"id":45437,"date":"2019-11-13T15:35:14","date_gmt":"2019-11-13T14:35:14","guid":{"rendered":"https:\/\/utaiga.com\/dizajneri\/klaudia-scislakova\/"},"modified":"2021-12-13T00:41:58","modified_gmt":"2021-12-12T23:41:58","slug":"klaudia-scislakova","status":"publish","type":"page","link":"https:\/\/utaiga.com\/sk\/umelci\/klaudia-scislakova\/","title":{"rendered":"Klaudia S\u010disl\u00e1kov\u00e1"},"content":{"rendered":"<p>[et_pb_section fb_built=&#8221;1&#8243; fullwidth=&#8221;on&#8221; _builder_version=&#8221;3.22&#8243;][et_pb_fullwidth_header title=&#8221;Klaudia S\u010disl\u00e1kov\u00e1&#8221; text_orientation=&#8221;center&#8221; background_overlay_color=&#8221;rgba(0,0,0,0)&#8221; _builder_version=&#8221;3.16&#8243; title_font=&#8221;|600|||||||&#8221; background_color=&#8221;rgba(132,160,89,0.38)&#8221; background_layout=&#8221;light&#8221; button_one_text_size__hover_enabled=&#8221;off&#8221; button_two_text_size__hover_enabled=&#8221;off&#8221; button_one_text_color__hover_enabled=&#8221;off&#8221; button_two_text_color__hover_enabled=&#8221;off&#8221; button_one_border_width__hover_enabled=&#8221;off&#8221; button_two_border_width__hover_enabled=&#8221;off&#8221; button_one_border_color__hover_enabled=&#8221;off&#8221; button_two_border_color__hover_enabled=&#8221;off&#8221; button_one_border_radius__hover_enabled=&#8221;off&#8221; button_two_border_radius__hover_enabled=&#8221;off&#8221; button_one_letter_spacing__hover_enabled=&#8221;off&#8221; button_two_letter_spacing__hover_enabled=&#8221;off&#8221; button_one_bg_color__hover_enabled=&#8221;off&#8221; button_two_bg_color__hover_enabled=&#8221;off&#8221;][\/et_pb_fullwidth_header][\/et_pb_section][et_pb_section fb_built=&#8221;1&#8243; admin_label=&#8221;section&#8221; _builder_version=&#8221;3.22&#8243; transparent_background=&#8221;off&#8221; make_fullwidth=&#8221;off&#8221; use_custom_width=&#8221;off&#8221; width_unit=&#8221;on&#8221;][et_pb_row admin_label=&#8221;row&#8221; module_class=&#8221; et_pb_row_fullwidth&#8221; _builder_version=&#8221;4.9.4&#8243; background_size=&#8221;initial&#8221; background_position=&#8221;top_left&#8221; background_repeat=&#8221;repeat&#8221; width=&#8221;89%&#8221; width_tablet=&#8221;80%&#8221; width_last_edited=&#8221;on|phone&#8221; max_width=&#8221;100%&#8221; max_width_tablet=&#8221;100%&#8221; max_width_last_edited=&#8221;on|desktop&#8221; hover_enabled=&#8221;0&#8243; make_fullwidth=&#8221;on&#8221; use_custom_width=&#8221;off&#8221; width_unit=&#8221;on&#8221; column_structure=&#8221;1_2,1_2&#8243; sticky_enabled=&#8221;0&#8243;][et_pb_column type=&#8221;1_2&#8243; _builder_version=&#8221;3.25&#8243; custom_padding=&#8221;|||&#8221; custom_padding__hover=&#8221;|||&#8221;][et_pb_text _builder_version=&#8221;3.27.4&#8243; background_size=&#8221;initial&#8221; background_position=&#8221;top_left&#8221; background_repeat=&#8221;repeat&#8221; text_orientation=&#8221;justified&#8221;]<\/p>\n<h1>O MNE<\/h1>\n<p>V\u017edy som bola kreat\u00edvna. Zaka\u017ed\u00fdm v\u00a0nie\u010dom inom ale st\u00e1le som vym\u00fd\u0161\u013eala nov\u00e9 sp\u00f4soby ako sa vyb\u00fari\u0165.<\/p>\n<p>\u017diadny kr\u00fa\u017eok ani z\u00e1ujem mi ale nikdy nevydr\u017eal dlh\u0161ie ako jeden rok. Od v\u0161etk\u00fdch druhov \u0161portov (po rokoch som zistila, \u017ee nie som \u0161portov\u00fd typ), cez hranie na klav\u00edr, kynol\u00f3giu, fotografovanie, tvorbu vide\u00ed, a\u00a0p\u00edsanie pr\u00edbehov. V\u00a02012 som po\u010das Vianoc za\u010dala kresli\u0165 s\u00a0ceruzkou na papier a\u00a0vydr\u017ealo mi to 3 roky a\u00a0po dvojro\u010dnej pauze som nesk\u00f4r objavila digit\u00e1lne kreslenie cez Youtube tutori\u00e1l na jednoduch\u00fa anim\u00e1ciu, ktor\u00e9 v\u0161etko zmenilo.<\/p>\n<p>St\u00e1le ma to dr\u017e\u00ed a st\u00e1le objavujem nov\u00e9 sp\u00f4soby ako sa kreat\u00edvne vyjadri\u0165. Ku digit\u00e1lnemu kresleniu sa pridal posledn\u00fd rok aj grafick\u00fd dizajn a\u00a0mysl\u00edm, \u017ee po rokoch a\u00a0rokoch sk\u00fa\u0161ania som sa kone\u010dne na\u0161la. Teda aspo\u0148 d\u00fafam.<br \/>\n[\/et_pb_text][\/et_pb_column][et_pb_column type=&#8221;1_2&#8243; _builder_version=&#8221;3.25&#8243; custom_padding=&#8221;|||&#8221; custom_padding__hover=&#8221;|||&#8221;][et_pb_image src=&#8221;https:\/\/utaiga.com\/wp-content\/uploads\/2019\/11\/Scislakova-Klaudia_Profilova-foto_1920x1080.jpg&#8221; show_in_lightbox=&#8221;on&#8221; align=&#8221;center&#8221; align_tablet=&#8221;center&#8221; align_last_edited=&#8221;on|desktop&#8221; _builder_version=&#8221;3.23&#8243; animation_style=&#8221;slide&#8221; animation_direction=&#8221;left&#8221; animation_duration=&#8221;500ms&#8221; animation_intensity_slide=&#8221;10%&#8221; always_center_on_mobile=&#8221;on&#8221;][\/et_pb_image][\/et_pb_column][\/et_pb_row][et_pb_row module_class=&#8221; et_pb_row_fullwidth&#8221; _builder_version=&#8221;3.25&#8243; background_size=&#8221;initial&#8221; background_position=&#8221;top_left&#8221; background_repeat=&#8221;repeat&#8221; width=&#8221;89%&#8221; width_tablet=&#8221;80%&#8221; width_last_edited=&#8221;on|desktop&#8221; max_width=&#8221;89%&#8221; max_width_tablet=&#8221;80%&#8221; max_width_last_edited=&#8221;on|desktop&#8221; make_fullwidth=&#8221;on&#8221; use_custom_width=&#8221;off&#8221; width_unit=&#8221;on&#8221;][et_pb_column type=&#8221;4_4&#8243; _builder_version=&#8221;3.25&#8243; custom_padding=&#8221;|||&#8221; custom_padding__hover=&#8221;|||&#8221;][et_pb_text _builder_version=&#8221;3.27.4&#8243; background_size=&#8221;initial&#8221; background_position=&#8221;top_left&#8221; background_repeat=&#8221;repeat&#8221; module_alignment=&#8221;center&#8221; use_border_color=&#8221;off&#8221;]<\/p>\n<h1>MOJA PR\u00c1CA<\/h1>\n<p>[\/et_pb_text][et_pb_shop type=&#8221;product_category&#8221; posts_number=&#8221;8&#8243; show_pagination=&#8221;on&#8221; include_categories=&#8221;101&#8243; columns_number=&#8221;4&#8243; orderby=&#8221;date-desc&#8221; sale_badge_color=&#8221;#383838&#8243; icon_hover_color=&#8221;#383838&#8243; hover_overlay_color=&#8221;rgba(255,255,255,0.75)&#8221; hover_icon=&#8221;%%114%%&#8221; _builder_version=&#8221;3.0.96&#8243; title_font_size=&#8221;20&#8243; price_font_size=&#8221;18&#8243; custom_css_title=&#8221;text-align: center;&#8221; custom_css_price=&#8221;visibility: hidden&#8221; saved_tabs=&#8221;all&#8221;][\/et_pb_shop][\/et_pb_column][\/et_pb_row][\/et_pb_section]<\/p>\n","protected":false},"excerpt":{"rendered":"<p>[et_pb_section fb_built=&#8221;1&#8243; fullwidth=&#8221;on&#8221; _builder_version=&#8221;3.22&#8243;][et_pb_fullwidth_header title=&#8221;Klaudia S\u010disl\u00e1kov\u00e1&#8221; text_orientation=&#8221;center&#8221; background_overlay_color=&#8221;rgba(0,0,0,0)&#8221; _builder_version=&#8221;3.16&#8243; title_font=&#8221;|600|||||||&#8221; background_color=&#8221;rgba(132,160,89,0.38)&#8221; background_layout=&#8221;light&#8221; button_one_text_size__hover_enabled=&#8221;off&#8221; button_two_text_size__hover_enabled=&#8221;off&#8221; button_one_text_color__hover_enabled=&#8221;off&#8221; button_two_text_color__hover_enabled=&#8221;off&#8221; button_one_border_width__hover_enabled=&#8221;off&#8221; button_two_border_width__hover_enabled=&#8221;off&#8221; button_one_border_color__hover_enabled=&#8221;off&#8221; button_two_border_color__hover_enabled=&#8221;off&#8221; button_one_border_radius__hover_enabled=&#8221;off&#8221; button_two_border_radius__hover_enabled=&#8221;off&#8221; button_one_letter_spacing__hover_enabled=&#8221;off&#8221; button_two_letter_spacing__hover_enabled=&#8221;off&#8221; button_one_bg_color__hover_enabled=&#8221;off&#8221; button_two_bg_color__hover_enabled=&#8221;off&#8221;][\/et_pb_fullwidth_header][\/et_pb_section][et_pb_section fb_built=&#8221;1&#8243; admin_label=&#8221;section&#8221; _builder_version=&#8221;3.22&#8243; transparent_background=&#8221;off&#8221; make_fullwidth=&#8221;off&#8221; use_custom_width=&#8221;off&#8221; width_unit=&#8221;on&#8221;][et_pb_row admin_label=&#8221;row&#8221; module_class=&#8221; et_pb_row_fullwidth&#8221; _builder_version=&#8221;4.9.4&#8243; background_size=&#8221;initial&#8221; background_position=&#8221;top_left&#8221; background_repeat=&#8221;repeat&#8221; width=&#8221;89%&#8221; width_tablet=&#8221;80%&#8221; width_last_edited=&#8221;on|phone&#8221; max_width=&#8221;100%&#8221; max_width_tablet=&#8221;100%&#8221; max_width_last_edited=&#8221;on|desktop&#8221; hover_enabled=&#8221;0&#8243; make_fullwidth=&#8221;on&#8221; use_custom_width=&#8221;off&#8221; width_unit=&#8221;on&#8221; column_structure=&#8221;1_2,1_2&#8243; sticky_enabled=&#8221;0&#8243;][et_pb_column type=&#8221;1_2&#8243; _builder_version=&#8221;3.25&#8243; custom_padding=&#8221;|||&#8221; [&hellip;]<\/p>\n","protected":false},"author":1,"featured_media":0,"parent":30052,"menu_order":0,"comment_status":"closed","ping_status":"closed","template":"","meta":{"_et_pb_use_builder":"on","_et_pb_old_content":"","_et_gb_content_width":"","_monsterinsights_skip_tracking":false,"_monsterinsights_sitenote_active":false,"_monsterinsights_sitenote_note":"","_monsterinsights_sitenote_category":0,"footnotes":""},"class_list":["post-45437","page","type-page","status-publish","hentry"],"yoast_head":"<!-- This site is optimized with the Yoast SEO plugin v25.4 - https:\/\/yoast.com\/wordpress\/plugins\/seo\/ -->\n<title>Klaudia S\u010disl\u00e1kov\u00e1 | Utaiga<\/title>\n<meta name=\"description\" content=\"V\u017edy som bola kreat\u00edvna. Zaka\u017ed\u00fdm v nie\u010dom inom ale st\u00e1le som vym\u00fd\u0161\u013eala nov\u00e9 sp\u00f4soby ako sa vyb\u00fari\u0165. \u017diadny kr\u00fa\u017eok ani z\u00e1ujem mi ale nikdy nevydr\u017eal dlh\u0161ie ako jeden rok. Od v\u0161etk\u00fdch druhov \u0161portov (po rokoch som zistila, \u017ee nie som \u0161portov\u00fd typ), cez hranie na klav\u00edr, kynol\u00f3giu, fotografovanie, tvorbu vide\u00ed, a p\u00edsanie pr\u00edbehov.\" \/>\n<meta name=\"robots\" content=\"index, follow, max-snippet:-1, max-image-preview:large, max-video-preview:-1\" \/>\n<link rel=\"canonical\" href=\"https:\/\/utaiga.com\/sk\/umelci\/klaudia-scislakova\/\" \/>\n<meta property=\"og:locale\" content=\"sk_SK\" \/>\n<meta property=\"og:type\" content=\"article\" \/>\n<meta property=\"og:title\" content=\"Klaudia S\u010disl\u00e1kov\u00e1 | Utaiga\" \/>\n<meta property=\"og:description\" content=\"V\u017edy som bola kreat\u00edvna. Zaka\u017ed\u00fdm v nie\u010dom inom ale st\u00e1le som vym\u00fd\u0161\u013eala nov\u00e9 sp\u00f4soby ako sa vyb\u00fari\u0165. \u017diadny kr\u00fa\u017eok ani z\u00e1ujem mi ale nikdy nevydr\u017eal dlh\u0161ie ako jeden rok. Od v\u0161etk\u00fdch druhov \u0161portov (po rokoch som zistila, \u017ee nie som \u0161portov\u00fd typ), cez hranie na klav\u00edr, kynol\u00f3giu, fotografovanie, tvorbu vide\u00ed, a p\u00edsanie pr\u00edbehov.\" \/>\n<meta property=\"og:url\" content=\"https:\/\/utaiga.com\/sk\/umelci\/klaudia-scislakova\/\" \/>\n<meta property=\"og:site_name\" content=\"Utaiga\" \/>\n<meta property=\"article:publisher\" content=\"https:\/\/www.facebook.com\/utaigaofficial\/\" \/>\n<meta property=\"article:modified_time\" content=\"2021-12-12T23:41:58+00:00\" \/>\n<meta property=\"og:image\" content=\"https:\/\/utaiga.com\/wp-content\/uploads\/2017\/07\/Utaiga_logo_long_final.png\" \/>\n\t<meta property=\"og:image:width\" content=\"4000\" \/>\n\t<meta property=\"og:image:height\" content=\"2208\" \/>\n\t<meta property=\"og:image:type\" content=\"image\/png\" \/>\n<meta name=\"twitter:card\" content=\"summary_large_image\" \/>\n<meta name=\"twitter:label1\" content=\"Predpokladan\u00fd \u010das \u010d\u00edtania\" \/>\n\t<meta name=\"twitter:data1\" content=\"3 min\u00faty\" \/>\n<script type=\"application\/ld+json\" class=\"yoast-schema-graph\">{\"@context\":\"https:\/\/schema.org\",\"@graph\":[{\"@type\":\"WebPage\",\"@id\":\"https:\/\/utaiga.com\/sk\/umelci\/klaudia-scislakova\/\",\"url\":\"https:\/\/utaiga.com\/sk\/umelci\/klaudia-scislakova\/\",\"name\":\"Klaudia S\u010disl\u00e1kov\u00e1 | Utaiga\",\"isPartOf\":{\"@id\":\"https:\/\/utaiga.com\/sk\/#website\"},\"datePublished\":\"2019-11-13T14:35:14+00:00\",\"dateModified\":\"2021-12-12T23:41:58+00:00\",\"description\":\"V\u017edy som bola kreat\u00edvna. Zaka\u017ed\u00fdm v nie\u010dom inom ale st\u00e1le som vym\u00fd\u0161\u013eala nov\u00e9 sp\u00f4soby ako sa vyb\u00fari\u0165. \u017diadny kr\u00fa\u017eok ani z\u00e1ujem mi ale nikdy nevydr\u017eal dlh\u0161ie ako jeden rok. Od v\u0161etk\u00fdch druhov \u0161portov (po rokoch som zistila, \u017ee nie som \u0161portov\u00fd typ), cez hranie na klav\u00edr, kynol\u00f3giu, fotografovanie, tvorbu vide\u00ed, a p\u00edsanie pr\u00edbehov.\",\"breadcrumb\":{\"@id\":\"https:\/\/utaiga.com\/sk\/umelci\/klaudia-scislakova\/#breadcrumb\"},\"inLanguage\":\"sk-SK\",\"potentialAction\":[{\"@type\":\"ReadAction\",\"target\":[\"https:\/\/utaiga.com\/sk\/umelci\/klaudia-scislakova\/\"]}]},{\"@type\":\"BreadcrumbList\",\"@id\":\"https:\/\/utaiga.com\/sk\/umelci\/klaudia-scislakova\/#breadcrumb\",\"itemListElement\":[{\"@type\":\"ListItem\",\"position\":1,\"name\":\"Domovsk\u00e1 str\u00e1nka\",\"item\":\"https:\/\/utaiga.com\/sk\/uvod\/\"},{\"@type\":\"ListItem\",\"position\":2,\"name\":\"Umelci\",\"item\":\"https:\/\/utaiga.com\/sk\/umelci\/\"},{\"@type\":\"ListItem\",\"position\":3,\"name\":\"Klaudia S\u010disl\u00e1kov\u00e1\"}]},{\"@type\":\"WebSite\",\"@id\":\"https:\/\/utaiga.com\/sk\/#website\",\"url\":\"https:\/\/utaiga.com\/sk\/\",\"name\":\"Utaiga\",\"description\":\"It&#039;s up to U...\",\"potentialAction\":[{\"@type\":\"SearchAction\",\"target\":{\"@type\":\"EntryPoint\",\"urlTemplate\":\"https:\/\/utaiga.com\/sk\/?s={search_term_string}\"},\"query-input\":{\"@type\":\"PropertyValueSpecification\",\"valueRequired\":true,\"valueName\":\"search_term_string\"}}],\"inLanguage\":\"sk-SK\"}]}<\/script>\n<!-- \/ Yoast SEO plugin. -->","yoast_head_json":{"title":"Klaudia S\u010disl\u00e1kov\u00e1 | Utaiga","description":"V\u017edy som bola kreat\u00edvna. Zaka\u017ed\u00fdm v nie\u010dom inom ale st\u00e1le som vym\u00fd\u0161\u013eala nov\u00e9 sp\u00f4soby ako sa vyb\u00fari\u0165. \u017diadny kr\u00fa\u017eok ani z\u00e1ujem mi ale nikdy nevydr\u017eal dlh\u0161ie ako jeden rok. Od v\u0161etk\u00fdch druhov \u0161portov (po rokoch som zistila, \u017ee nie som \u0161portov\u00fd typ), cez hranie na klav\u00edr, kynol\u00f3giu, fotografovanie, tvorbu vide\u00ed, a p\u00edsanie pr\u00edbehov.","robots":{"index":"index","follow":"follow","max-snippet":"max-snippet:-1","max-image-preview":"max-image-preview:large","max-video-preview":"max-video-preview:-1"},"canonical":"https:\/\/utaiga.com\/sk\/umelci\/klaudia-scislakova\/","og_locale":"sk_SK","og_type":"article","og_title":"Klaudia S\u010disl\u00e1kov\u00e1 | Utaiga","og_description":"V\u017edy som bola kreat\u00edvna. Zaka\u017ed\u00fdm v nie\u010dom inom ale st\u00e1le som vym\u00fd\u0161\u013eala nov\u00e9 sp\u00f4soby ako sa vyb\u00fari\u0165. \u017diadny kr\u00fa\u017eok ani z\u00e1ujem mi ale nikdy nevydr\u017eal dlh\u0161ie ako jeden rok. Od v\u0161etk\u00fdch druhov \u0161portov (po rokoch som zistila, \u017ee nie som \u0161portov\u00fd typ), cez hranie na klav\u00edr, kynol\u00f3giu, fotografovanie, tvorbu vide\u00ed, a p\u00edsanie pr\u00edbehov.","og_url":"https:\/\/utaiga.com\/sk\/umelci\/klaudia-scislakova\/","og_site_name":"Utaiga","article_publisher":"https:\/\/www.facebook.com\/utaigaofficial\/","article_modified_time":"2021-12-12T23:41:58+00:00","og_image":[{"width":4000,"height":2208,"url":"https:\/\/utaiga.com\/wp-content\/uploads\/2017\/07\/Utaiga_logo_long_final.png","type":"image\/png"}],"twitter_card":"summary_large_image","twitter_misc":{"Predpokladan\u00fd \u010das \u010d\u00edtania":"3 min\u00faty"},"schema":{"@context":"https:\/\/schema.org","@graph":[{"@type":"WebPage","@id":"https:\/\/utaiga.com\/sk\/umelci\/klaudia-scislakova\/","url":"https:\/\/utaiga.com\/sk\/umelci\/klaudia-scislakova\/","name":"Klaudia S\u010disl\u00e1kov\u00e1 | Utaiga","isPartOf":{"@id":"https:\/\/utaiga.com\/sk\/#website"},"datePublished":"2019-11-13T14:35:14+00:00","dateModified":"2021-12-12T23:41:58+00:00","description":"V\u017edy som bola kreat\u00edvna. Zaka\u017ed\u00fdm v nie\u010dom inom ale st\u00e1le som vym\u00fd\u0161\u013eala nov\u00e9 sp\u00f4soby ako sa vyb\u00fari\u0165. \u017diadny kr\u00fa\u017eok ani z\u00e1ujem mi ale nikdy nevydr\u017eal dlh\u0161ie ako jeden rok. Od v\u0161etk\u00fdch druhov \u0161portov (po rokoch som zistila, \u017ee nie som \u0161portov\u00fd typ), cez hranie na klav\u00edr, kynol\u00f3giu, fotografovanie, tvorbu vide\u00ed, a p\u00edsanie pr\u00edbehov.","breadcrumb":{"@id":"https:\/\/utaiga.com\/sk\/umelci\/klaudia-scislakova\/#breadcrumb"},"inLanguage":"sk-SK","potentialAction":[{"@type":"ReadAction","target":["https:\/\/utaiga.com\/sk\/umelci\/klaudia-scislakova\/"]}]},{"@type":"BreadcrumbList","@id":"https:\/\/utaiga.com\/sk\/umelci\/klaudia-scislakova\/#breadcrumb","itemListElement":[{"@type":"ListItem","position":1,"name":"Domovsk\u00e1 str\u00e1nka","item":"https:\/\/utaiga.com\/sk\/uvod\/"},{"@type":"ListItem","position":2,"name":"Umelci","item":"https:\/\/utaiga.com\/sk\/umelci\/"},{"@type":"ListItem","position":3,"name":"Klaudia S\u010disl\u00e1kov\u00e1"}]},{"@type":"WebSite","@id":"https:\/\/utaiga.com\/sk\/#website","url":"https:\/\/utaiga.com\/sk\/","name":"Utaiga","description":"It&#039;s up to U...","potentialAction":[{"@type":"SearchAction","target":{"@type":"EntryPoint","urlTemplate":"https:\/\/utaiga.com\/sk\/?s={search_term_string}"},"query-input":{"@type":"PropertyValueSpecification","valueRequired":true,"valueName":"search_term_string"}}],"inLanguage":"sk-SK"}]}},"_links":{"self":[{"href":"https:\/\/utaiga.com\/sk\/wp-json\/wp\/v2\/pages\/45437","targetHints":{"allow":["GET"]}}],"collection":[{"href":"https:\/\/utaiga.com\/sk\/wp-json\/wp\/v2\/pages"}],"about":[{"href":"https:\/\/utaiga.com\/sk\/wp-json\/wp\/v2\/types\/page"}],"author":[{"embeddable":true,"href":"https:\/\/utaiga.com\/sk\/wp-json\/wp\/v2\/users\/1"}],"replies":[{"embeddable":true,"href":"https:\/\/utaiga.com\/sk\/wp-json\/wp\/v2\/comments?post=45437"}],"version-history":[{"count":6,"href":"https:\/\/utaiga.com\/sk\/wp-json\/wp\/v2\/pages\/45437\/revisions"}],"predecessor-version":[{"id":46156,"href":"https:\/\/utaiga.com\/sk\/wp-json\/wp\/v2\/pages\/45437\/revisions\/46156"}],"up":[{"embeddable":true,"href":"https:\/\/utaiga.com\/sk\/wp-json\/wp\/v2\/pages\/30052"}],"wp:attachment":[{"href":"https:\/\/utaiga.com\/sk\/wp-json\/wp\/v2\/media?parent=45437"}],"curies":[{"name":"wp","href":"https:\/\/api.w.org\/{rel}","templated":true}]}}