{"id":31154,"date":"2018-05-07T02:55:32","date_gmt":"2018-05-07T00:55:32","guid":{"rendered":"http:\/\/utaiga.com\/zurnal\/"},"modified":"2019-11-14T04:16:29","modified_gmt":"2019-11-14T03:16:29","slug":"zurnal","status":"publish","type":"page","link":"https:\/\/utaiga.com\/sk\/zurnal\/","title":{"rendered":"\u017durn\u00e1l"},"content":{"rendered":"<p>[et_pb_section bb_built=&#8221;1&#8243; fullwidth=&#8221;on&#8221; specialty=&#8221;off&#8221;][et_pb_fullwidth_header title=&#8221;\u017durn\u00e1l&#8221; background_overlay_color=&#8221;rgba(0,0,0,0)&#8221; text_orientation=&#8221;justified&#8221; header_fullscreen=&#8221;off&#8221; header_scroll_down=&#8221;off&#8221; image_orientation=&#8221;center&#8221; background_layout=&#8221;light&#8221; content_orientation=&#8221;center&#8221; custom_button_one=&#8221;off&#8221; button_one_icon_placement=&#8221;right&#8221; custom_button_two=&#8221;off&#8221; button_two_icon_placement=&#8221;right&#8221; _builder_version=&#8221;3.0.96&#8243; saved_tabs=&#8221;all&#8221; background_color=&#8221;rgba(132,160,89,0.38)&#8221; title_font=&#8221;|600|||||||&#8221; \/][\/et_pb_section][et_pb_section bb_built=&#8221;1&#8243; fullwidth=&#8221;off&#8221; specialty=&#8221;off&#8221;][et_pb_row _builder_version=&#8221;3.0.96&#8243;][et_pb_column type=&#8221;4_4&#8243;][et_pb_blog _builder_version=&#8221;3.0.96&#8243; show_content=&#8221;off&#8221; show_thumbnail=&#8221;on&#8221; show_more=&#8221;on&#8221; show_author=&#8221;off&#8221; show_date=&#8221;on&#8221; show_categories=&#8221;off&#8221; show_comments=&#8221;off&#8221; show_pagination=&#8221;on&#8221; fullwidth=&#8221;on&#8221; use_overlay=&#8221;off&#8221; background_layout=&#8221;light&#8221; pagination_font_size_tablet=&#8221;51&#8243; pagination_line_height_tablet=&#8221;2&#8243; include_categories=&#8221;72&#8243; meta_date=&#8221;F Y&#8221; header_text_align=&#8221;center&#8221; overlay_icon_color=&#8221;#e09900&#8243; hover_icon=&#8221;%%254%%&#8221; header_font=&#8221;|600|||||||&#8221; border_width_all=&#8221;0px&#8221; meta_text_align=&#8221;center&#8221; header_font_size=&#8221;35&#8243; \/][\/et_pb_column][\/et_pb_row][\/et_pb_section]<\/p>\n","protected":false},"excerpt":{"rendered":"<p>[et_pb_section bb_built=&#8221;1&#8243; fullwidth=&#8221;on&#8221; specialty=&#8221;off&#8221;][et_pb_fullwidth_header title=&#8221;\u017durn\u00e1l&#8221; background_overlay_color=&#8221;rgba(0,0,0,0)&#8221; text_orientation=&#8221;justified&#8221; header_fullscreen=&#8221;off&#8221; header_scroll_down=&#8221;off&#8221; image_orientation=&#8221;center&#8221; background_layout=&#8221;light&#8221; content_orientation=&#8221;center&#8221; custom_button_one=&#8221;off&#8221; button_one_icon_placement=&#8221;right&#8221; custom_button_two=&#8221;off&#8221; button_two_icon_placement=&#8221;right&#8221; _builder_version=&#8221;3.0.96&#8243; saved_tabs=&#8221;all&#8221; background_color=&#8221;rgba(132,160,89,0.38)&#8221; title_font=&#8221;|600|||||||&#8221; \/][\/et_pb_section][et_pb_section bb_built=&#8221;1&#8243; fullwidth=&#8221;off&#8221; specialty=&#8221;off&#8221;][et_pb_row _builder_version=&#8221;3.0.96&#8243;][et_pb_column type=&#8221;4_4&#8243;][et_pb_blog _builder_version=&#8221;3.0.96&#8243; show_content=&#8221;off&#8221; show_thumbnail=&#8221;on&#8221; show_more=&#8221;on&#8221; show_author=&#8221;off&#8221; show_date=&#8221;on&#8221; show_categories=&#8221;off&#8221; show_comments=&#8221;off&#8221; show_pagination=&#8221;on&#8221; fullwidth=&#8221;on&#8221; use_overlay=&#8221;off&#8221; background_layout=&#8221;light&#8221; pagination_font_size_tablet=&#8221;51&#8243; pagination_line_height_tablet=&#8221;2&#8243; include_categories=&#8221;72&#8243; meta_date=&#8221;F Y&#8221; header_text_align=&#8221;center&#8221; overlay_icon_color=&#8221;#e09900&#8243; hover_icon=&#8221;%%254%%&#8221; header_font=&#8221;|600|||||||&#8221; border_width_all=&#8221;0px&#8221; meta_text_align=&#8221;center&#8221; header_font_size=&#8221;35&#8243; \/][\/et_pb_column][\/et_pb_row][\/et_pb_section]<\/p>\n","protected":false},"author":1,"featured_media":0,"parent":0,"menu_order":0,"comment_status":"closed","ping_status":"closed","template":"","meta":{"_et_pb_use_builder":"on","_et_pb_old_content":"","_et_gb_content_width":"","_monsterinsights_skip_tracking":false,"_monsterinsights_sitenote_active":false,"_monsterinsights_sitenote_note":"","_monsterinsights_sitenote_category":0,"footnotes":""},"class_list":["post-31154","page","type-page","status-publish","hentry"],"yoast_head":"<!-- This site is optimized with the Yoast SEO plugin v25.4 - https:\/\/yoast.com\/wordpress\/plugins\/seo\/ -->\n<title>\u017durn\u00e1l | Utaiga<\/title>\n<meta name=\"description\" content=\"UTAIGA \u017durn\u00e1l je pln\u00fd noviniek, aktual\u00edt, \u010di z\u00e1kulisn\u00fdch inform\u00e1ci\u00ed. Dozvie\u0161 sa v \u0148om na \u010dom pr\u00e1ve pracujeme, \u010do sledujeme a \u010do n\u00e1m rob\u00ed rados\u0165.\" \/>\n<meta name=\"robots\" content=\"index, follow, max-snippet:-1, max-image-preview:large, max-video-preview:-1\" \/>\n<link rel=\"canonical\" href=\"https:\/\/utaiga.com\/sk\/zurnal\/\" \/>\n<meta property=\"og:locale\" content=\"sk_SK\" \/>\n<meta property=\"og:type\" content=\"article\" \/>\n<meta property=\"og:title\" content=\"\u017durn\u00e1l | Utaiga\" \/>\n<meta property=\"og:description\" content=\"UTAIGA \u017durn\u00e1l je pln\u00fd noviniek, aktual\u00edt, \u010di z\u00e1kulisn\u00fdch inform\u00e1ci\u00ed. Dozvie\u0161 sa v \u0148om na \u010dom pr\u00e1ve pracujeme, \u010do sledujeme a \u010do n\u00e1m rob\u00ed rados\u0165.\" \/>\n<meta property=\"og:url\" content=\"https:\/\/utaiga.com\/sk\/zurnal\/\" \/>\n<meta property=\"og:site_name\" content=\"Utaiga\" \/>\n<meta property=\"article:publisher\" content=\"https:\/\/www.facebook.com\/utaigaofficial\/\" \/>\n<meta property=\"article:modified_time\" content=\"2019-11-14T03:16:29+00:00\" \/>\n<meta property=\"og:image\" content=\"https:\/\/utaiga.com\/wp-content\/uploads\/2017\/07\/Utaiga_logo_long_final.png\" \/>\n\t<meta property=\"og:image:width\" content=\"4000\" \/>\n\t<meta property=\"og:image:height\" content=\"2208\" \/>\n\t<meta property=\"og:image:type\" content=\"image\/png\" \/>\n<meta name=\"twitter:card\" content=\"summary_large_image\" \/>\n<meta name=\"twitter:label1\" content=\"Predpokladan\u00fd \u010das \u010d\u00edtania\" \/>\n\t<meta name=\"twitter:data1\" content=\"1 min\u00fata\" \/>\n<script type=\"application\/ld+json\" class=\"yoast-schema-graph\">{\"@context\":\"https:\/\/schema.org\",\"@graph\":[{\"@type\":\"WebPage\",\"@id\":\"https:\/\/utaiga.com\/sk\/zurnal\/\",\"url\":\"https:\/\/utaiga.com\/sk\/zurnal\/\",\"name\":\"\u017durn\u00e1l | Utaiga\",\"isPartOf\":{\"@id\":\"https:\/\/utaiga.com\/sk\/#website\"},\"datePublished\":\"2018-05-07T00:55:32+00:00\",\"dateModified\":\"2019-11-14T03:16:29+00:00\",\"description\":\"UTAIGA \u017durn\u00e1l je pln\u00fd noviniek, aktual\u00edt, \u010di z\u00e1kulisn\u00fdch inform\u00e1ci\u00ed. Dozvie\u0161 sa v \u0148om na \u010dom pr\u00e1ve pracujeme, \u010do sledujeme a \u010do n\u00e1m rob\u00ed rados\u0165.\",\"breadcrumb\":{\"@id\":\"https:\/\/utaiga.com\/sk\/zurnal\/#breadcrumb\"},\"inLanguage\":\"sk-SK\",\"potentialAction\":[{\"@type\":\"ReadAction\",\"target\":[\"https:\/\/utaiga.com\/sk\/zurnal\/\"]}]},{\"@type\":\"BreadcrumbList\",\"@id\":\"https:\/\/utaiga.com\/sk\/zurnal\/#breadcrumb\",\"itemListElement\":[{\"@type\":\"ListItem\",\"position\":1,\"name\":\"Domovsk\u00e1 str\u00e1nka\",\"item\":\"https:\/\/utaiga.com\/sk\/uvod\/\"},{\"@type\":\"ListItem\",\"position\":2,\"name\":\"\u017durn\u00e1l\"}]},{\"@type\":\"WebSite\",\"@id\":\"https:\/\/utaiga.com\/sk\/#website\",\"url\":\"https:\/\/utaiga.com\/sk\/\",\"name\":\"Utaiga\",\"description\":\"It&#039;s up to U...\",\"potentialAction\":[{\"@type\":\"SearchAction\",\"target\":{\"@type\":\"EntryPoint\",\"urlTemplate\":\"https:\/\/utaiga.com\/sk\/?s={search_term_string}\"},\"query-input\":{\"@type\":\"PropertyValueSpecification\",\"valueRequired\":true,\"valueName\":\"search_term_string\"}}],\"inLanguage\":\"sk-SK\"}]}<\/script>\n<!-- \/ Yoast SEO plugin. -->","yoast_head_json":{"title":"\u017durn\u00e1l | Utaiga","description":"UTAIGA \u017durn\u00e1l je pln\u00fd noviniek, aktual\u00edt, \u010di z\u00e1kulisn\u00fdch inform\u00e1ci\u00ed. Dozvie\u0161 sa v \u0148om na \u010dom pr\u00e1ve pracujeme, \u010do sledujeme a \u010do n\u00e1m rob\u00ed rados\u0165.","robots":{"index":"index","follow":"follow","max-snippet":"max-snippet:-1","max-image-preview":"max-image-preview:large","max-video-preview":"max-video-preview:-1"},"canonical":"https:\/\/utaiga.com\/sk\/zurnal\/","og_locale":"sk_SK","og_type":"article","og_title":"\u017durn\u00e1l | Utaiga","og_description":"UTAIGA \u017durn\u00e1l je pln\u00fd noviniek, aktual\u00edt, \u010di z\u00e1kulisn\u00fdch inform\u00e1ci\u00ed. Dozvie\u0161 sa v \u0148om na \u010dom pr\u00e1ve pracujeme, \u010do sledujeme a \u010do n\u00e1m rob\u00ed rados\u0165.","og_url":"https:\/\/utaiga.com\/sk\/zurnal\/","og_site_name":"Utaiga","article_publisher":"https:\/\/www.facebook.com\/utaigaofficial\/","article_modified_time":"2019-11-14T03:16:29+00:00","og_image":[{"width":4000,"height":2208,"url":"https:\/\/utaiga.com\/wp-content\/uploads\/2017\/07\/Utaiga_logo_long_final.png","type":"image\/png"}],"twitter_card":"summary_large_image","twitter_misc":{"Predpokladan\u00fd \u010das \u010d\u00edtania":"1 min\u00fata"},"schema":{"@context":"https:\/\/schema.org","@graph":[{"@type":"WebPage","@id":"https:\/\/utaiga.com\/sk\/zurnal\/","url":"https:\/\/utaiga.com\/sk\/zurnal\/","name":"\u017durn\u00e1l | Utaiga","isPartOf":{"@id":"https:\/\/utaiga.com\/sk\/#website"},"datePublished":"2018-05-07T00:55:32+00:00","dateModified":"2019-11-14T03:16:29+00:00","description":"UTAIGA \u017durn\u00e1l je pln\u00fd noviniek, aktual\u00edt, \u010di z\u00e1kulisn\u00fdch inform\u00e1ci\u00ed. Dozvie\u0161 sa v \u0148om na \u010dom pr\u00e1ve pracujeme, \u010do sledujeme a \u010do n\u00e1m rob\u00ed rados\u0165.","breadcrumb":{"@id":"https:\/\/utaiga.com\/sk\/zurnal\/#breadcrumb"},"inLanguage":"sk-SK","potentialAction":[{"@type":"ReadAction","target":["https:\/\/utaiga.com\/sk\/zurnal\/"]}]},{"@type":"BreadcrumbList","@id":"https:\/\/utaiga.com\/sk\/zurnal\/#breadcrumb","itemListElement":[{"@type":"ListItem","position":1,"name":"Domovsk\u00e1 str\u00e1nka","item":"https:\/\/utaiga.com\/sk\/uvod\/"},{"@type":"ListItem","position":2,"name":"\u017durn\u00e1l"}]},{"@type":"WebSite","@id":"https:\/\/utaiga.com\/sk\/#website","url":"https:\/\/utaiga.com\/sk\/","name":"Utaiga","description":"It&#039;s up to U...","potentialAction":[{"@type":"SearchAction","target":{"@type":"EntryPoint","urlTemplate":"https:\/\/utaiga.com\/sk\/?s={search_term_string}"},"query-input":{"@type":"PropertyValueSpecification","valueRequired":true,"valueName":"search_term_string"}}],"inLanguage":"sk-SK"}]}},"_links":{"self":[{"href":"https:\/\/utaiga.com\/sk\/wp-json\/wp\/v2\/pages\/31154","targetHints":{"allow":["GET"]}}],"collection":[{"href":"https:\/\/utaiga.com\/sk\/wp-json\/wp\/v2\/pages"}],"about":[{"href":"https:\/\/utaiga.com\/sk\/wp-json\/wp\/v2\/types\/page"}],"author":[{"embeddable":true,"href":"https:\/\/utaiga.com\/sk\/wp-json\/wp\/v2\/users\/1"}],"replies":[{"embeddable":true,"href":"https:\/\/utaiga.com\/sk\/wp-json\/wp\/v2\/comments?post=31154"}],"version-history":[{"count":4,"href":"https:\/\/utaiga.com\/sk\/wp-json\/wp\/v2\/pages\/31154\/revisions"}],"predecessor-version":[{"id":45476,"href":"https:\/\/utaiga.com\/sk\/wp-json\/wp\/v2\/pages\/31154\/revisions\/45476"}],"wp:attachment":[{"href":"https:\/\/utaiga.com\/sk\/wp-json\/wp\/v2\/media?parent=31154"}],"curies":[{"name":"wp","href":"https:\/\/api.w.org\/{rel}","templated":true}]}}