{"id":30052,"date":"2017-07-10T00:31:47","date_gmt":"2017-07-09T22:31:47","guid":{"rendered":"http:\/\/utaiga.com\/dizajneri\/"},"modified":"2020-02-11T14:34:54","modified_gmt":"2020-02-11T13:34:54","slug":"umelci","status":"publish","type":"page","link":"https:\/\/utaiga.com\/sk\/umelci\/","title":{"rendered":"Umelci"},"content":{"rendered":"<p>[et_pb_section bb_built=&#8221;1&#8243; fullwidth=&#8221;on&#8221; specialty=&#8221;off&#8221;][et_pb_fullwidth_header title=&#8221;Umelci&#8221; background_overlay_color=&#8221;rgba(0,0,0,0)&#8221; text_orientation=&#8221;justified&#8221; header_fullscreen=&#8221;off&#8221; header_scroll_down=&#8221;off&#8221; image_orientation=&#8221;center&#8221; background_layout=&#8221;light&#8221; content_orientation=&#8221;center&#8221; custom_button_one=&#8221;off&#8221; button_one_icon_placement=&#8221;right&#8221; custom_button_two=&#8221;off&#8221; button_two_icon_placement=&#8221;right&#8221; _builder_version=&#8221;3.0.96&#8243; saved_tabs=&#8221;all&#8221; disabled=&#8221;off&#8221; max_width_tablet=&#8221;50px&#8221; background_color=&#8221;rgba(199,173,109,0.36)&#8221; title_font=&#8221;|600|||||||&#8221; \/][\/et_pb_section][et_pb_section bb_built=&#8221;1&#8243; fullwidth=&#8221;off&#8221; specialty=&#8221;off&#8221; _builder_version=&#8221;3.0.51&#8243;][et_pb_row _builder_version=&#8221;3.0.51&#8243; background_position_1=&#8221;top_left&#8221; background_repeat_1=&#8221;no-repeat&#8221;][et_pb_column type=&#8221;1_2&#8243;][et_pb_cta admin_label=&#8221;Klaudia S\u010disl\u00e1kov\u00e1&#8221; _builder_version=&#8221;3.0.96&#8243; title=&#8221;Lucia Cokov\u00e1&#8221; button_text=&#8221;O mne&#8221; button_url=&#8221;https:\/\/utaiga.com\/sk\/umelci\/lucia-cokova\/&#8221; url_new_window=&#8221;off&#8221; use_background_color=&#8221;on&#8221; background_image=&#8221;https:\/\/utaiga.com\/wp-content\/uploads\/2020\/02\/Cokova-Lucia_Profilova-foto_1920x1280.jpg&#8221; background_layout=&#8221;dark&#8221; custom_button=&#8221;on&#8221; button_icon_placement=&#8221;right&#8221; custom_css_main_element=&#8221;-webkit-clip-path: polygon(50% 0%, 100% 25%, 100% 75%, 50% 100%, 0% 75%, 0% 25%);||clip-path: polygon(50% 0%, 100% 25%, 100% 75%, 50% 100%, 0% 75%, 0% 25%);||||||&#8221; button_use_icon=&#8221;off&#8221; background_color=&#8221;rgba(0,0,0,0.25)&#8221; background_blend=&#8221;multiply&#8221; \/][\/et_pb_column][et_pb_column type=&#8221;1_2&#8243;][et_pb_cta admin_label=&#8221;Klaudia S\u010disl\u00e1kov\u00e1&#8221; _builder_version=&#8221;3.0.96&#8243; title=&#8221;Klaudia S\u010disl\u00e1kov\u00e1&#8221; button_text=&#8221;O mne&#8221; button_url=&#8221;https:\/\/utaiga.com\/sk\/umelci\/klaudia-scislakova\/&#8221; url_new_window=&#8221;off&#8221; use_background_color=&#8221;on&#8221; background_image=&#8221;https:\/\/utaiga.com\/wp-content\/uploads\/2019\/11\/Scislakova-Klaudia_Profilova-foto_1920x1080.jpg&#8221; background_layout=&#8221;dark&#8221; custom_button=&#8221;on&#8221; button_icon_placement=&#8221;right&#8221; custom_css_main_element=&#8221;-webkit-clip-path: polygon(50% 0%, 100% 25%, 100% 75%, 50% 100%, 0% 75%, 0% 25%);||clip-path: polygon(50% 0%, 100% 25%, 100% 75%, 50% 100%, 0% 75%, 0% 25%);||||||&#8221; button_use_icon=&#8221;off&#8221; background_color=&#8221;rgba(0,0,0,0.25)&#8221; background_blend=&#8221;multiply&#8221; \/][\/et_pb_column][\/et_pb_row][et_pb_row _builder_version=&#8221;3.0.51&#8243; background_position_1=&#8221;top_left&#8221; background_repeat_1=&#8221;no-repeat&#8221;][et_pb_column type=&#8221;1_2&#8243;][et_pb_cta admin_label=&#8221;Zdenko Duliansky&#8221; _builder_version=&#8221;3.0.96&#8243; title=&#8221;Zdenko Duliansky&#8221; button_text=&#8221;O mne&#8221; button_url=&#8221;http:\/\/utaiga.com\/sk\/umelci\/zdenko-duliansky\/&#8221; url_new_window=&#8221;off&#8221; use_background_color=&#8221;on&#8221; background_image=&#8221;https:\/\/utaiga.com\/wp-content\/uploads\/2020\/02\/Duliansky-Zdenko_Profilov\u00e1-foto_1080x720.jpg&#8221; background_layout=&#8221;dark&#8221; custom_button=&#8221;on&#8221; button_icon_placement=&#8221;right&#8221; custom_css_main_element=&#8221;-webkit-clip-path: polygon(50% 0%, 100% 25%, 100% 75%, 50% 100%, 0% 75%, 0% 25%);||clip-path: polygon(50% 0%, 100% 25%, 100% 75%, 50% 100%, 0% 75%, 0% 25%);||||||&#8221; button_use_icon=&#8221;off&#8221; background_color=&#8221;rgba(0,0,0,0.25)&#8221; background_blend=&#8221;multiply&#8221; \/][\/et_pb_column][et_pb_column type=&#8221;1_2&#8243;][et_pb_cta admin_label=&#8221;Jakub K\u0161i\u0148an&#8221; _builder_version=&#8221;3.0.96&#8243; title=&#8221;Jakub K\u0161i\u0148an&#8221; button_text=&#8221;O mne&#8221; button_url=&#8221;https:\/\/utaiga.com\/sk\/umelci\/jakub-ksinan\/&#8221; url_new_window=&#8221;off&#8221; use_background_color=&#8221;on&#8221; background_image=&#8221;https:\/\/utaiga.com\/wp-content\/uploads\/2020\/02\/Ksinan-Jakub_Profilova-foto_1920x1280.jpg&#8221; background_layout=&#8221;dark&#8221; custom_button=&#8221;on&#8221; button_icon_placement=&#8221;right&#8221; custom_css_main_element=&#8221;-webkit-clip-path: polygon(50% 0%, 100% 25%, 100% 75%, 50% 100%, 0% 75%, 0% 25%);||clip-path: polygon(50% 0%, 100% 25%, 100% 75%, 50% 100%, 0% 75%, 0% 25%);||||||&#8221; button_use_icon=&#8221;off&#8221; background_color=&#8221;rgba(0,0,0,0.25)&#8221; background_blend=&#8221;multiply&#8221; \/][\/et_pb_column][\/et_pb_row][\/et_pb_section]<\/p>\n","protected":false},"excerpt":{"rendered":"<p>[et_pb_section bb_built=&#8221;1&#8243; fullwidth=&#8221;on&#8221; specialty=&#8221;off&#8221;][et_pb_fullwidth_header title=&#8221;Umelci&#8221; background_overlay_color=&#8221;rgba(0,0,0,0)&#8221; text_orientation=&#8221;justified&#8221; header_fullscreen=&#8221;off&#8221; header_scroll_down=&#8221;off&#8221; image_orientation=&#8221;center&#8221; background_layout=&#8221;light&#8221; content_orientation=&#8221;center&#8221; custom_button_one=&#8221;off&#8221; button_one_icon_placement=&#8221;right&#8221; custom_button_two=&#8221;off&#8221; button_two_icon_placement=&#8221;right&#8221; _builder_version=&#8221;3.0.96&#8243; saved_tabs=&#8221;all&#8221; disabled=&#8221;off&#8221; max_width_tablet=&#8221;50px&#8221; background_color=&#8221;rgba(199,173,109,0.36)&#8221; title_font=&#8221;|600|||||||&#8221; \/][\/et_pb_section][et_pb_section bb_built=&#8221;1&#8243; fullwidth=&#8221;off&#8221; specialty=&#8221;off&#8221; _builder_version=&#8221;3.0.51&#8243;][et_pb_row _builder_version=&#8221;3.0.51&#8243; background_position_1=&#8221;top_left&#8221; background_repeat_1=&#8221;no-repeat&#8221;][et_pb_column type=&#8221;1_2&#8243;][et_pb_cta admin_label=&#8221;Klaudia S\u010disl\u00e1kov\u00e1&#8221; _builder_version=&#8221;3.0.96&#8243; title=&#8221;Lucia Cokov\u00e1&#8221; button_text=&#8221;O mne&#8221; button_url=&#8221;https:\/\/utaiga.com\/sk\/umelci\/lucia-cokova\/&#8221; url_new_window=&#8221;off&#8221; use_background_color=&#8221;on&#8221; background_image=&#8221;https:\/\/utaiga.com\/wp-content\/uploads\/2020\/02\/Cokova-Lucia_Profilova-foto_1920x1280.jpg&#8221; background_layout=&#8221;dark&#8221; custom_button=&#8221;on&#8221; button_icon_placement=&#8221;right&#8221; custom_css_main_element=&#8221;-webkit-clip-path: polygon(50% 0%, 100% 25%, 100% 75%, 50% 100%, 0% [&hellip;]<\/p>\n","protected":false},"author":1,"featured_media":29462,"parent":0,"menu_order":0,"comment_status":"closed","ping_status":"closed","template":"","meta":{"_et_pb_use_builder":"on","_et_pb_old_content":"","_et_gb_content_width":"","_monsterinsights_skip_tracking":false,"_monsterinsights_sitenote_active":false,"_monsterinsights_sitenote_note":"","_monsterinsights_sitenote_category":0,"footnotes":""},"class_list":["post-30052","page","type-page","status-publish","has-post-thumbnail","hentry"],"yoast_head":"<!-- This site is optimized with the Yoast SEO plugin v25.4 - https:\/\/yoast.com\/wordpress\/plugins\/seo\/ -->\n<title>Umelci | Utaiga<\/title>\n<meta name=\"description\" content=\"V\u0161etky ilustr\u00e1cie na na\u0161ich produktoch s\u00fa dielom t\u00fdchto talentovan\u00fdch dizajn\u00e9rov. Ka\u017ed\u00fd jeden z nich m\u00e1 svoj jedine\u010dn\u00fd \u0161t\u00fdl, av\u0161ak zdie\u013eaj\u00fa spolo\u010dn\u00fa v\u00e1\u0161e\u0148 pre umenie a pr\u00edrodu.\" \/>\n<meta name=\"robots\" content=\"index, follow, max-snippet:-1, max-image-preview:large, max-video-preview:-1\" \/>\n<link rel=\"canonical\" href=\"https:\/\/utaiga.com\/sk\/umelci\/\" \/>\n<meta property=\"og:locale\" content=\"sk_SK\" \/>\n<meta property=\"og:type\" content=\"article\" \/>\n<meta property=\"og:title\" content=\"Umelci | Utaiga\" \/>\n<meta property=\"og:description\" content=\"V\u0161etky ilustr\u00e1cie na na\u0161ich produktoch s\u00fa dielom t\u00fdchto talentovan\u00fdch dizajn\u00e9rov. Ka\u017ed\u00fd jeden z nich m\u00e1 svoj jedine\u010dn\u00fd \u0161t\u00fdl, av\u0161ak zdie\u013eaj\u00fa spolo\u010dn\u00fa v\u00e1\u0161e\u0148 pre umenie a pr\u00edrodu.\" \/>\n<meta property=\"og:url\" content=\"https:\/\/utaiga.com\/sk\/umelci\/\" \/>\n<meta property=\"og:site_name\" content=\"Utaiga\" \/>\n<meta property=\"article:publisher\" content=\"https:\/\/www.facebook.com\/utaigaofficial\/\" \/>\n<meta property=\"article:modified_time\" content=\"2020-02-11T13:34:54+00:00\" \/>\n<meta property=\"og:image\" content=\"https:\/\/utaiga.com\/wp-content\/uploads\/2017\/05\/Forest_edit.jpg\" \/>\n\t<meta property=\"og:image:width\" content=\"1920\" \/>\n\t<meta property=\"og:image:height\" content=\"1080\" \/>\n\t<meta property=\"og:image:type\" content=\"image\/jpeg\" \/>\n<meta name=\"twitter:card\" content=\"summary_large_image\" \/>\n<meta name=\"twitter:label1\" content=\"Predpokladan\u00fd \u010das \u010d\u00edtania\" \/>\n\t<meta name=\"twitter:data1\" content=\"2 min\u00faty\" \/>\n<script type=\"application\/ld+json\" class=\"yoast-schema-graph\">{\"@context\":\"https:\/\/schema.org\",\"@graph\":[{\"@type\":\"WebPage\",\"@id\":\"https:\/\/utaiga.com\/sk\/umelci\/\",\"url\":\"https:\/\/utaiga.com\/sk\/umelci\/\",\"name\":\"Umelci | Utaiga\",\"isPartOf\":{\"@id\":\"https:\/\/utaiga.com\/sk\/#website\"},\"primaryImageOfPage\":{\"@id\":\"https:\/\/utaiga.com\/sk\/umelci\/#primaryimage\"},\"image\":{\"@id\":\"https:\/\/utaiga.com\/sk\/umelci\/#primaryimage\"},\"thumbnailUrl\":\"https:\/\/utaiga.com\/wp-content\/uploads\/2017\/05\/Forest_edit.jpg\",\"datePublished\":\"2017-07-09T22:31:47+00:00\",\"dateModified\":\"2020-02-11T13:34:54+00:00\",\"description\":\"V\u0161etky ilustr\u00e1cie na na\u0161ich produktoch s\u00fa dielom t\u00fdchto talentovan\u00fdch dizajn\u00e9rov. Ka\u017ed\u00fd jeden z nich m\u00e1 svoj jedine\u010dn\u00fd \u0161t\u00fdl, av\u0161ak zdie\u013eaj\u00fa spolo\u010dn\u00fa v\u00e1\u0161e\u0148 pre umenie a pr\u00edrodu.\",\"breadcrumb\":{\"@id\":\"https:\/\/utaiga.com\/sk\/umelci\/#breadcrumb\"},\"inLanguage\":\"sk-SK\",\"potentialAction\":[{\"@type\":\"ReadAction\",\"target\":[\"https:\/\/utaiga.com\/sk\/umelci\/\"]}]},{\"@type\":\"ImageObject\",\"inLanguage\":\"sk-SK\",\"@id\":\"https:\/\/utaiga.com\/sk\/umelci\/#primaryimage\",\"url\":\"https:\/\/utaiga.com\/wp-content\/uploads\/2017\/05\/Forest_edit.jpg\",\"contentUrl\":\"https:\/\/utaiga.com\/wp-content\/uploads\/2017\/05\/Forest_edit.jpg\",\"width\":1920,\"height\":1080,\"caption\":\"Forest\"},{\"@type\":\"BreadcrumbList\",\"@id\":\"https:\/\/utaiga.com\/sk\/umelci\/#breadcrumb\",\"itemListElement\":[{\"@type\":\"ListItem\",\"position\":1,\"name\":\"Domovsk\u00e1 str\u00e1nka\",\"item\":\"https:\/\/utaiga.com\/sk\/uvod\/\"},{\"@type\":\"ListItem\",\"position\":2,\"name\":\"Umelci\"}]},{\"@type\":\"WebSite\",\"@id\":\"https:\/\/utaiga.com\/sk\/#website\",\"url\":\"https:\/\/utaiga.com\/sk\/\",\"name\":\"Utaiga\",\"description\":\"It&#039;s up to U...\",\"potentialAction\":[{\"@type\":\"SearchAction\",\"target\":{\"@type\":\"EntryPoint\",\"urlTemplate\":\"https:\/\/utaiga.com\/sk\/?s={search_term_string}\"},\"query-input\":{\"@type\":\"PropertyValueSpecification\",\"valueRequired\":true,\"valueName\":\"search_term_string\"}}],\"inLanguage\":\"sk-SK\"}]}<\/script>\n<!-- \/ Yoast SEO plugin. -->","yoast_head_json":{"title":"Umelci | Utaiga","description":"V\u0161etky ilustr\u00e1cie na na\u0161ich produktoch s\u00fa dielom t\u00fdchto talentovan\u00fdch dizajn\u00e9rov. Ka\u017ed\u00fd jeden z nich m\u00e1 svoj jedine\u010dn\u00fd \u0161t\u00fdl, av\u0161ak zdie\u013eaj\u00fa spolo\u010dn\u00fa v\u00e1\u0161e\u0148 pre umenie a pr\u00edrodu.","robots":{"index":"index","follow":"follow","max-snippet":"max-snippet:-1","max-image-preview":"max-image-preview:large","max-video-preview":"max-video-preview:-1"},"canonical":"https:\/\/utaiga.com\/sk\/umelci\/","og_locale":"sk_SK","og_type":"article","og_title":"Umelci | Utaiga","og_description":"V\u0161etky ilustr\u00e1cie na na\u0161ich produktoch s\u00fa dielom t\u00fdchto talentovan\u00fdch dizajn\u00e9rov. Ka\u017ed\u00fd jeden z nich m\u00e1 svoj jedine\u010dn\u00fd \u0161t\u00fdl, av\u0161ak zdie\u013eaj\u00fa spolo\u010dn\u00fa v\u00e1\u0161e\u0148 pre umenie a pr\u00edrodu.","og_url":"https:\/\/utaiga.com\/sk\/umelci\/","og_site_name":"Utaiga","article_publisher":"https:\/\/www.facebook.com\/utaigaofficial\/","article_modified_time":"2020-02-11T13:34:54+00:00","og_image":[{"width":1920,"height":1080,"url":"https:\/\/utaiga.com\/wp-content\/uploads\/2017\/05\/Forest_edit.jpg","type":"image\/jpeg"}],"twitter_card":"summary_large_image","twitter_misc":{"Predpokladan\u00fd \u010das \u010d\u00edtania":"2 min\u00faty"},"schema":{"@context":"https:\/\/schema.org","@graph":[{"@type":"WebPage","@id":"https:\/\/utaiga.com\/sk\/umelci\/","url":"https:\/\/utaiga.com\/sk\/umelci\/","name":"Umelci | Utaiga","isPartOf":{"@id":"https:\/\/utaiga.com\/sk\/#website"},"primaryImageOfPage":{"@id":"https:\/\/utaiga.com\/sk\/umelci\/#primaryimage"},"image":{"@id":"https:\/\/utaiga.com\/sk\/umelci\/#primaryimage"},"thumbnailUrl":"https:\/\/utaiga.com\/wp-content\/uploads\/2017\/05\/Forest_edit.jpg","datePublished":"2017-07-09T22:31:47+00:00","dateModified":"2020-02-11T13:34:54+00:00","description":"V\u0161etky ilustr\u00e1cie na na\u0161ich produktoch s\u00fa dielom t\u00fdchto talentovan\u00fdch dizajn\u00e9rov. Ka\u017ed\u00fd jeden z nich m\u00e1 svoj jedine\u010dn\u00fd \u0161t\u00fdl, av\u0161ak zdie\u013eaj\u00fa spolo\u010dn\u00fa v\u00e1\u0161e\u0148 pre umenie a pr\u00edrodu.","breadcrumb":{"@id":"https:\/\/utaiga.com\/sk\/umelci\/#breadcrumb"},"inLanguage":"sk-SK","potentialAction":[{"@type":"ReadAction","target":["https:\/\/utaiga.com\/sk\/umelci\/"]}]},{"@type":"ImageObject","inLanguage":"sk-SK","@id":"https:\/\/utaiga.com\/sk\/umelci\/#primaryimage","url":"https:\/\/utaiga.com\/wp-content\/uploads\/2017\/05\/Forest_edit.jpg","contentUrl":"https:\/\/utaiga.com\/wp-content\/uploads\/2017\/05\/Forest_edit.jpg","width":1920,"height":1080,"caption":"Forest"},{"@type":"BreadcrumbList","@id":"https:\/\/utaiga.com\/sk\/umelci\/#breadcrumb","itemListElement":[{"@type":"ListItem","position":1,"name":"Domovsk\u00e1 str\u00e1nka","item":"https:\/\/utaiga.com\/sk\/uvod\/"},{"@type":"ListItem","position":2,"name":"Umelci"}]},{"@type":"WebSite","@id":"https:\/\/utaiga.com\/sk\/#website","url":"https:\/\/utaiga.com\/sk\/","name":"Utaiga","description":"It&#039;s up to U...","potentialAction":[{"@type":"SearchAction","target":{"@type":"EntryPoint","urlTemplate":"https:\/\/utaiga.com\/sk\/?s={search_term_string}"},"query-input":{"@type":"PropertyValueSpecification","valueRequired":true,"valueName":"search_term_string"}}],"inLanguage":"sk-SK"}]}},"_links":{"self":[{"href":"https:\/\/utaiga.com\/sk\/wp-json\/wp\/v2\/pages\/30052","targetHints":{"allow":["GET"]}}],"collection":[{"href":"https:\/\/utaiga.com\/sk\/wp-json\/wp\/v2\/pages"}],"about":[{"href":"https:\/\/utaiga.com\/sk\/wp-json\/wp\/v2\/types\/page"}],"author":[{"embeddable":true,"href":"https:\/\/utaiga.com\/sk\/wp-json\/wp\/v2\/users\/1"}],"replies":[{"embeddable":true,"href":"https:\/\/utaiga.com\/sk\/wp-json\/wp\/v2\/comments?post=30052"}],"version-history":[{"count":6,"href":"https:\/\/utaiga.com\/sk\/wp-json\/wp\/v2\/pages\/30052\/revisions"}],"predecessor-version":[{"id":45860,"href":"https:\/\/utaiga.com\/sk\/wp-json\/wp\/v2\/pages\/30052\/revisions\/45860"}],"wp:featuredmedia":[{"embeddable":true,"href":"https:\/\/utaiga.com\/sk\/wp-json\/wp\/v2\/media\/29462"}],"wp:attachment":[{"href":"https:\/\/utaiga.com\/sk\/wp-json\/wp\/v2\/media?parent=30052"}],"curies":[{"name":"wp","href":"https:\/\/api.w.org\/{rel}","templated":true}]}}