{"id":29893,"date":"2017-07-09T15:32:15","date_gmt":"2017-07-09T13:32:15","guid":{"rendered":"http:\/\/utaiga.com\/certifikaty\/"},"modified":"2017-11-24T00:46:08","modified_gmt":"2017-11-23T23:46:08","slug":"certifikaty","status":"publish","type":"page","link":"https:\/\/utaiga.com\/sk\/certifikaty\/","title":{"rendered":"Certifik\u00e1ty"},"content":{"rendered":"<p>[et_pb_section bb_built=&#8221;1&#8243; fullwidth=&#8221;on&#8221; specialty=&#8221;off&#8221; _builder_version=&#8221;3.0.51&#8243;][et_pb_fullwidth_header title=&#8221;Certifik\u00e1ty&#8221; background_url=&#8221;http:\/\/utaiga.com\/wp-content\/uploads\/2017\/05\/Tree-Bark-texture_edit02.jpg&#8221; background_overlay_color=&#8221;rgba(0,0,0,0.5)&#8221; text_orientation=&#8221;justified&#8221; header_fullscreen=&#8221;off&#8221; header_scroll_down=&#8221;off&#8221; image_orientation=&#8221;center&#8221; background_layout=&#8221;dark&#8221; content_orientation=&#8221;center&#8221; title_font_color=&#8221;#ffffff&#8221; custom_button_one=&#8221;off&#8221; button_one_letter_spacing=&#8221;0&#8243; button_one_icon_placement=&#8221;right&#8221; button_one_letter_spacing_hover=&#8221;0&#8243; custom_button_two=&#8221;off&#8221; button_two_letter_spacing=&#8221;0&#8243; button_two_icon_placement=&#8221;right&#8221; button_two_letter_spacing_hover=&#8221;0&#8243; background_image=&#8221;http:\/\/utaiga.com\/wp-content\/uploads\/2017\/05\/Tree-Bark-texture_edit02.jpg&#8221; _builder_version=&#8221;3.0.51&#8243; saved_tabs=&#8221;all&#8221; \/][\/et_pb_section][et_pb_section bb_built=&#8221;1&#8243; admin_label=&#8221;section&#8221;][et_pb_row background_position=&#8221;top_left&#8221; background_repeat=&#8221;repeat&#8221; background_size=&#8221;initial&#8221;][et_pb_column type=&#8221;4_4&#8243;][et_pb_text _builder_version=&#8221;3.0.59&#8243; background_layout=&#8221;light&#8221; text_orientation=&#8221;justified&#8221; border_style=&#8221;solid&#8221; text_font_size=&#8221;18&#8243;]<\/p>\n<p>V\u0161etky na\u0161e dizajny s\u00fa tla\u010den\u00e9 v\u00fdhradne na oble\u010denie od d\u00e1nskej spolo\u010dnosti\u00a0Neutral\u00ae. Hlavn\u00fdm cie\u013eom tejto spolo\u010dnosti je vytv\u00e1ra\u0165 unik\u00e1tne, udr\u017eate\u013en\u00e9 oble\u010denie, vyr\u00e1ban\u00e9 s re\u0161pektom k na\u0161ej plan\u00e9te a k \u013eu\u010fom, ktor\u00ed na nej \u017eij\u00fa. V celom svojom v\u00fdrobnom procese sa dr\u017eia svojej filozofie, ktor\u00fa nazvali &#8220;Certified Responsibility\u2122&#8221; a ich produkty v\u010faka tomu sp\u013a\u0148aj\u00fa najvy\u0161\u0161ie soci\u00e1lne, etick\u00e9 a environment\u00e1lne medzin\u00e1rodn\u00e9 \u0161tandardy. Toto v\u0161etko garantuj\u00fa aj\u00a0prostredn\u00edctvom nieko\u013ek\u00fdch medzin\u00e1rodn\u00fdch certifik\u00e1tov, ktor\u00fdch dodr\u017eiavanie je pr\u00edsne kontrolovan\u00e9.<\/p>\n<p>[\/et_pb_text][\/et_pb_column][\/et_pb_row][et_pb_row admin_label=&#8221;row&#8221; _builder_version=&#8221;3.0.51&#8243; background_position_1=&#8221;top_left&#8221; background_repeat_1=&#8221;no-repeat&#8221; background_position_2=&#8221;top_left&#8221; background_repeat_2=&#8221;no-repeat&#8221; make_equal=&#8221;on&#8221; module_class_1=&#8221;ds-vertical-align&#8221; module_id=&#8221;organic-cotton&#8221;][et_pb_column type=&#8221;2_3&#8243;][et_pb_text admin_label=&#8221;Organic cotton&#8221; _builder_version=&#8221;3.0.59&#8243; background_layout=&#8221;light&#8221; text_orientation=&#8221;justified&#8221; border_style=&#8221;solid&#8221; text_font_size=&#8221;16&#8243;]<\/p>\n<h2>Organick\u00e1 bavlna<\/h2>\n<p>V\u0161etky v\u00fdrobky s\u00fa vyr\u00e1ban\u00e9 len z certifikovanej 100% organickej bavlny. Cel\u00fd proces v\u00fdroby od semienka\u00a0bavln\u00edka a\u017e po kone\u010dn\u00fd produkt je pr\u00edsne sledovan\u00fd nez\u00e1visl\u00fdmi tret\u00edmi stranami.\u00a0Zabezpe\u010den\u00e9 je tak pou\u017eitie tej najkvalitnej\u0161ej organickej bavlny, ktor\u00e1 je spracovan\u00e1 zodpovedne, s oh\u013eadom na pr\u00edrodu a \u010dloveka.<\/p>\n<p>Viac inform\u00e1ci\u00ed n\u00e1jdete na\u00a0<strong><a href=\"http:\/\/www.global-standard.org\/\" target=\"_blank\" rel=\"noopener noreferrer\">www.global-standard.org<\/a>.<\/strong><\/p>\n<p>\u010c\u00edslo licencie: CU810963<\/p>\n<p>[\/et_pb_text][\/et_pb_column][et_pb_column type=&#8221;1_3&#8243;][et_pb_image _builder_version=&#8221;3.0.51&#8243; src=&#8221;http:\/\/utaiga.com\/wp-content\/uploads\/2017\/06\/100-Certified-Organic-Cotton_559x746.png&#8221; show_in_lightbox=&#8221;on&#8221; url_new_window=&#8221;off&#8221; use_overlay=&#8221;off&#8221; sticky=&#8221;off&#8221; align=&#8221;center&#8221; always_center_on_mobile=&#8221;on&#8221; border_style=&#8221;solid&#8221; max_width=&#8221;200px&#8221; force_fullwidth=&#8221;off&#8221; \/][\/et_pb_column][\/et_pb_row][et_pb_row admin_label=&#8221;row&#8221; _builder_version=&#8221;3.0.51&#8243; background_position_1=&#8221;top_left&#8221; background_repeat_1=&#8221;no-repeat&#8221; background_position_2=&#8221;top_left&#8221; background_repeat_2=&#8221;no-repeat&#8221; make_equal=&#8221;on&#8221; module_class_1=&#8221;ds-vertical-align&#8221; module_id=&#8221;eu-ecolabel&#8221;][et_pb_column type=&#8221;2_3&#8243;][et_pb_text admin_label=&#8221;EU Ecolabel&#8221; _builder_version=&#8221;3.0.59&#8243; background_layout=&#8221;light&#8221; text_orientation=&#8221;justified&#8221; border_style=&#8221;solid&#8221; text_font_size=&#8221;16&#8243;]<\/p>\n<h2>EU Ecolabel<\/h2>\n<p>V\u00fdrobky ozna\u010den\u00e9 symbolom\u00a0EU Ecolabel musia sp\u013a\u0148a\u0165 najvy\u0161\u0161ie ekologick\u00e9 krit\u00e9ri\u00e1 zah\u0155\u0148aj\u00face v\u0161etky f\u00e1zy \u017eivotnosti v\u00fdrobkov. Znamen\u00e1 to ni\u017e\u0161ie dopady na ovzdu\u0161ie, vodu, p\u00f4du, spotrebu pr\u00edrodn\u00fdch zdrojov, glob\u00e1lne otep\u013eovanie a biodiverzitu.\u00a0V\u00fdrobky ozna\u010den\u00e9 t\u00fdmto symbolom musia absolvova\u0165 pr\u00edsne testy environment\u00e1lnej sp\u00f4sobilosti, ktor\u00fdch v\u00fdsledky s\u00fa overovan\u00e9 nez\u00e1visl\u00fdmi org\u00e1nmi.<\/p>\n<p>Viac inform\u00e1ci\u00ed n\u00e1jdete na\u00a0<strong><a href=\"http:\/\/ec.europa.eu\/environment\/ecolabel\/\" target=\"_blank\" rel=\"noopener noreferrer\">www.ec.europa.eu\/environment\/ecolabel<\/a>.<\/strong><\/p>\n<p>\u010c\u00edslo licencie: DK\/016\/049<\/p>\n<p>[\/et_pb_text][\/et_pb_column][et_pb_column type=&#8221;1_3&#8243;][et_pb_image _builder_version=&#8221;3.0.51&#8243; src=&#8221;http:\/\/utaiga.com\/wp-content\/uploads\/2017\/06\/EU-Ecolabel_559x746.png&#8221; show_in_lightbox=&#8221;on&#8221; url_new_window=&#8221;off&#8221; use_overlay=&#8221;off&#8221; sticky=&#8221;off&#8221; align=&#8221;center&#8221; always_center_on_mobile=&#8221;on&#8221; border_style=&#8221;solid&#8221; max_width=&#8221;200px&#8221; force_fullwidth=&#8221;off&#8221; \/][\/et_pb_column][\/et_pb_row][et_pb_row admin_label=&#8221;row&#8221; _builder_version=&#8221;3.0.51&#8243; background_position_1=&#8221;top_left&#8221; background_repeat_1=&#8221;no-repeat&#8221; background_position_2=&#8221;top_left&#8221; background_repeat_2=&#8221;no-repeat&#8221; make_equal=&#8221;on&#8221; module_class_1=&#8221;ds-vertical-align&#8221; module_id=&#8221;fairtrade&#8221;][et_pb_column type=&#8221;2_3&#8243;][et_pb_text admin_label=&#8221;Fairtrade&#8221; _builder_version=&#8221;3.0.59&#8243; background_layout=&#8221;light&#8221; text_orientation=&#8221;justified&#8221; border_style=&#8221;solid&#8221; text_font_size=&#8221;16&#8243;]<\/p>\n<h2>Fairtrade<\/h2>\n<p>Certifik\u00e1cia &#8220;Fairtrade&#8221; je z\u00e1rukou\u00a0toho, \u017ee bavlna pou\u017eit\u00e1 na v\u00fdrobu produktov ozna\u010den\u00fdch t\u00fdmto symbolom\u00a0je certifikovan\u00e1 v s\u00falade s medzin\u00e1rodn\u00fdmi \u0161tandardmi spravodliv\u00e9ho obchodu.<\/p>\n<p>Viac inform\u00e1ci\u00ed n\u00e1jdete na\u00a0<strong><a href=\"https:\/\/info.fairtrade.net\/\" target=\"_blank\" rel=\"noopener noreferrer\">www.info.fairtrade.net<\/a>.<\/strong><\/p>\n<p>\u010c\u00edslo licencie: 19007<\/p>\n<p>[\/et_pb_text][\/et_pb_column][et_pb_column type=&#8221;1_3&#8243;][et_pb_image _builder_version=&#8221;3.0.51&#8243; src=&#8221;http:\/\/utaiga.com\/wp-content\/uploads\/2017\/06\/Fairtrade_559x746.png&#8221; show_in_lightbox=&#8221;on&#8221; url_new_window=&#8221;off&#8221; use_overlay=&#8221;off&#8221; sticky=&#8221;off&#8221; align=&#8221;center&#8221; always_center_on_mobile=&#8221;on&#8221; border_style=&#8221;solid&#8221; max_width=&#8221;200px&#8221; force_fullwidth=&#8221;off&#8221; \/][\/et_pb_column][\/et_pb_row][et_pb_row admin_label=&#8221;row&#8221; _builder_version=&#8221;3.0.51&#8243; background_position_1=&#8221;top_left&#8221; background_repeat_1=&#8221;no-repeat&#8221; background_position_2=&#8221;top_left&#8221; background_repeat_2=&#8221;no-repeat&#8221; make_equal=&#8221;on&#8221; module_class_1=&#8221;ds-vertical-align&#8221; module_id=&#8221;SA8000&#8243;][et_pb_column type=&#8221;2_3&#8243;][et_pb_text admin_label=&#8221;SA8000&#8243; _builder_version=&#8221;3.0.59&#8243; background_layout=&#8221;light&#8221; text_orientation=&#8221;justified&#8221; border_style=&#8221;solid&#8221; text_font_size=&#8221;16&#8243;]<\/p>\n<h2>SA8000<\/h2>\n<p>Certifik\u00e1t SA8000 je zalo\u017een\u00fd na princ\u00edpoch dodr\u017eiavania medzin\u00e1rodn\u00fdch noriem, t\u00fdkaj\u00facich sa \u013eudsk\u00fdch pr\u00e1v. Hodnot\u00ed schopnosti spolo\u010dnost\u00ed plni\u0165 po\u017eiadavky soci\u00e1lnej zodpovednosti v\u00a0\u00f4smych k\u013e\u00fa\u010dov\u00fdch oblastiach: detsk\u00e1 pr\u00e1ca, n\u00faten\u00e1 pr\u00e1ca, zdravie\u00a0a bezpe\u010dnos\u0165 pri pr\u00e1ci, sloboda zdru\u017eovania a pr\u00e1vo na kolekt\u00edvne vyjedn\u00e1vanie, diskrimin\u00e1cia, disciplin\u00e1rne opatrenia, pracovn\u00e1 doba a odme\u0148ovanie.<\/p>\n<p>Viac inform\u00e1ci\u00ed n\u00e1jdete na\u00a0<strong><a href=\"http:\/\/www.sa-intl.org\/\" target=\"_blank\" rel=\"noopener noreferrer\">www.sa-intl.org<\/a>.<\/strong><\/p>\n<p>\u010c\u00edslo licencie:\u00a0IN15\/80211<\/p>\n<p>[\/et_pb_text][\/et_pb_column][et_pb_column type=&#8221;1_3&#8243;][et_pb_image _builder_version=&#8221;3.0.51&#8243; src=&#8221;http:\/\/utaiga.com\/wp-content\/uploads\/2017\/06\/SA8000_559x746.png&#8221; show_in_lightbox=&#8221;on&#8221; url_new_window=&#8221;off&#8221; use_overlay=&#8221;off&#8221; sticky=&#8221;off&#8221; align=&#8221;center&#8221; always_center_on_mobile=&#8221;on&#8221; border_style=&#8221;solid&#8221; max_width=&#8221;200px&#8221; force_fullwidth=&#8221;off&#8221; \/][\/et_pb_column][\/et_pb_row][et_pb_row admin_label=&#8221;row&#8221; _builder_version=&#8221;3.0.51&#8243; background_position_1=&#8221;top_left&#8221; background_repeat_1=&#8221;no-repeat&#8221; background_position_2=&#8221;top_left&#8221; background_repeat_2=&#8221;no-repeat&#8221; make_equal=&#8221;on&#8221; module_class_1=&#8221;ds-vertical-align&#8221; module_id=&#8221;neutral-responsibility&#8221;][et_pb_column type=&#8221;2_3&#8243;][et_pb_text admin_label=&#8221;Neutral responsibility&#8221; _builder_version=&#8221;3.0.59&#8243; background_layout=&#8221;light&#8221; text_orientation=&#8221;justified&#8221; border_style=&#8221;solid&#8221; text_font_size=&#8221;16&#8243;]<\/p>\n<h2>Zodpovednos\u0165 spolo\u010dnosti NEUTRAL\u00ae<\/h2>\n<p>Spolo\u010dnos\u0165 Neutral\u00ae pou\u017e\u00edva vo svojom v\u00fdrobnom procese obnovite\u013en\u00e9 zdroj energie a t\u00fdm prispieva k \u010distej\u0161iemu prostrediu a bojuje\u00a0proti klimatick\u00fdm zmen\u00e1m. Po\u010das obdob\u00ed s prebytkom energie pres\u00fava nepotrebn\u00fa energiu do miestnych siet\u00ed.<\/p>\n<p>[\/et_pb_text][\/et_pb_column][et_pb_column type=&#8221;1_3&#8243;][et_pb_image _builder_version=&#8221;3.0.51&#8243; src=&#8221;http:\/\/utaiga.com\/wp-content\/uploads\/2017\/06\/Neutral-Responsibility_559x746.png&#8221; show_in_lightbox=&#8221;on&#8221; url_new_window=&#8221;off&#8221; use_overlay=&#8221;off&#8221; sticky=&#8221;off&#8221; align=&#8221;center&#8221; always_center_on_mobile=&#8221;on&#8221; border_style=&#8221;solid&#8221; max_width=&#8221;200px&#8221; force_fullwidth=&#8221;off&#8221; \/][\/et_pb_column][\/et_pb_row][et_pb_row admin_label=&#8221;row&#8221; _builder_version=&#8221;3.0.51&#8243; background_position_1=&#8221;top_left&#8221; background_repeat_1=&#8221;no-repeat&#8221; background_position_2=&#8221;top_left&#8221; background_repeat_2=&#8221;no-repeat&#8221; make_equal=&#8221;on&#8221; module_class_1=&#8221;ds-vertical-align&#8221; module_id=&#8221;oeko-tex&#8221;][et_pb_column type=&#8221;2_3&#8243;][et_pb_text admin_label=&#8221;Oeko-Tex&#8221; _builder_version=&#8221;3.0.59&#8243; background_layout=&#8221;light&#8221; text_orientation=&#8221;justified&#8221; border_style=&#8221;solid&#8221; text_font_size=&#8221;16&#8243;]<\/p>\n<h2>Oeko-Tex<\/h2>\n<p>OEKO-TEX Standard 100 je certifik\u00e1t, ktor\u00fdm s\u00fa ozna\u010dovan\u00e9 materi\u00e1ly a\u00a0v\u00fdrobky, ktor\u00e9 sp\u013a\u0148aj\u00fa pr\u00edsne medzin\u00e1rodn\u00e9 krit\u00e9ria pre kvalitu a\u00a0zdravotn\u00fa nez\u00e1vadnos\u0165 vo v\u0161etk\u00fdch \u00farovniach produkcie. V\u0161etky materi\u00e1ly a\u00a0v\u00fdrobky ozna\u010den\u00e9 t\u00fdmto certifik\u00e1tom s\u00fa bezpe\u010dn\u00e9 a\u00a0neobsahuj\u00fa \u017eiadne zdraviu a\u00a0\u017eivotn\u00e9mu prostrediu \u0161kodliv\u00e9 alebo nebezpe\u010dn\u00e9 l\u00e1tky.<\/p>\n<p>Viac inform\u00e1ci\u00ed n\u00e1jdete na\u00a0<strong><a href=\"https:\/\/www.oeko-tex.com\/en\/business\/certifications_and_services\/ots_100\/ots_100_start.xhtml\" target=\"_blank\" rel=\"noopener noreferrer\">www.oeko-tex.com<\/a>.<\/strong><\/p>\n<p>\u010c\u00edslo licencie:\u00a0ZHGO 034436<\/p>\n<p>[\/et_pb_text][\/et_pb_column][et_pb_column type=&#8221;1_3&#8243;][et_pb_image _builder_version=&#8221;3.0.51&#8243; src=&#8221;http:\/\/utaiga.com\/wp-content\/uploads\/2017\/06\/Oeko-Tex_559x746.png&#8221; show_in_lightbox=&#8221;on&#8221; url_new_window=&#8221;off&#8221; use_overlay=&#8221;off&#8221; sticky=&#8221;off&#8221; align=&#8221;center&#8221; always_center_on_mobile=&#8221;on&#8221; border_style=&#8221;solid&#8221; max_width=&#8221;200px&#8221; force_fullwidth=&#8221;off&#8221; \/][\/et_pb_column][\/et_pb_row][\/et_pb_section]<\/p>\n","protected":false},"excerpt":{"rendered":"<p>[et_pb_section bb_built=&#8221;1&#8243; fullwidth=&#8221;on&#8221; specialty=&#8221;off&#8221; _builder_version=&#8221;3.0.51&#8243;][et_pb_fullwidth_header title=&#8221;Certifik\u00e1ty&#8221; background_url=&#8221;http:\/\/utaiga.com\/wp-content\/uploads\/2017\/05\/Tree-Bark-texture_edit02.jpg&#8221; background_overlay_color=&#8221;rgba(0,0,0,0.5)&#8221; text_orientation=&#8221;justified&#8221; header_fullscreen=&#8221;off&#8221; header_scroll_down=&#8221;off&#8221; image_orientation=&#8221;center&#8221; background_layout=&#8221;dark&#8221; content_orientation=&#8221;center&#8221; title_font_color=&#8221;#ffffff&#8221; custom_button_one=&#8221;off&#8221; button_one_letter_spacing=&#8221;0&#8243; button_one_icon_placement=&#8221;right&#8221; button_one_letter_spacing_hover=&#8221;0&#8243; custom_button_two=&#8221;off&#8221; button_two_letter_spacing=&#8221;0&#8243; button_two_icon_placement=&#8221;right&#8221; button_two_letter_spacing_hover=&#8221;0&#8243; background_image=&#8221;http:\/\/utaiga.com\/wp-content\/uploads\/2017\/05\/Tree-Bark-texture_edit02.jpg&#8221; _builder_version=&#8221;3.0.51&#8243; saved_tabs=&#8221;all&#8221; \/][\/et_pb_section][et_pb_section bb_built=&#8221;1&#8243; admin_label=&#8221;section&#8221;][et_pb_row background_position=&#8221;top_left&#8221; background_repeat=&#8221;repeat&#8221; background_size=&#8221;initial&#8221;][et_pb_column type=&#8221;4_4&#8243;][et_pb_text _builder_version=&#8221;3.0.59&#8243; background_layout=&#8221;light&#8221; text_orientation=&#8221;justified&#8221; border_style=&#8221;solid&#8221; text_font_size=&#8221;18&#8243;] V\u0161etky na\u0161e dizajny s\u00fa tla\u010den\u00e9 v\u00fdhradne na oble\u010denie od d\u00e1nskej spolo\u010dnosti\u00a0Neutral\u00ae. Hlavn\u00fdm cie\u013eom tejto spolo\u010dnosti je vytv\u00e1ra\u0165 [&hellip;]<\/p>\n","protected":false},"author":1,"featured_media":0,"parent":0,"menu_order":0,"comment_status":"closed","ping_status":"closed","template":"","meta":{"_et_pb_use_builder":"on","_et_pb_old_content":"","_et_gb_content_width":"","_monsterinsights_skip_tracking":false,"_monsterinsights_sitenote_active":false,"_monsterinsights_sitenote_note":"","_monsterinsights_sitenote_category":0,"footnotes":""},"class_list":["post-29893","page","type-page","status-publish","hentry"],"yoast_head":"<!-- This site is optimized with the Yoast SEO plugin v25.4 - https:\/\/yoast.com\/wordpress\/plugins\/seo\/ -->\n<title>Certifik\u00e1ty | Utaiga<\/title>\n<meta name=\"description\" content=\"Na\u0161e dizajny s\u00fa tla\u010den\u00e9 v\u00fdhradne na oble\u010denie od d\u00e1nskej spolo\u010dnosti Neutral\u00ae. Ich produkty sp\u013a\u0148aj\u00fa najvy\u0161\u0161ie \u0161tandardy a maj\u00fa t\u00fdchto \u0161es\u0165 certifik\u00e1tov.\" \/>\n<meta name=\"robots\" content=\"index, follow, max-snippet:-1, max-image-preview:large, max-video-preview:-1\" \/>\n<link rel=\"canonical\" href=\"https:\/\/utaiga.com\/sk\/certifikaty\/\" \/>\n<meta property=\"og:locale\" content=\"sk_SK\" \/>\n<meta property=\"og:type\" content=\"article\" \/>\n<meta property=\"og:title\" content=\"Certifik\u00e1ty | Utaiga\" \/>\n<meta property=\"og:description\" content=\"Na\u0161e dizajny s\u00fa tla\u010den\u00e9 v\u00fdhradne na oble\u010denie od d\u00e1nskej spolo\u010dnosti Neutral\u00ae. Ich produkty sp\u013a\u0148aj\u00fa najvy\u0161\u0161ie \u0161tandardy a maj\u00fa t\u00fdchto \u0161es\u0165 certifik\u00e1tov.\" \/>\n<meta property=\"og:url\" content=\"https:\/\/utaiga.com\/sk\/certifikaty\/\" \/>\n<meta property=\"og:site_name\" content=\"Utaiga\" \/>\n<meta property=\"article:publisher\" content=\"https:\/\/www.facebook.com\/utaigaofficial\/\" \/>\n<meta property=\"article:modified_time\" content=\"2017-11-23T23:46:08+00:00\" \/>\n<meta property=\"og:image\" content=\"https:\/\/utaiga.com\/wp-content\/uploads\/2017\/07\/Utaiga_logo_long_final.png\" \/>\n\t<meta property=\"og:image:width\" content=\"4000\" \/>\n\t<meta property=\"og:image:height\" content=\"2208\" \/>\n\t<meta property=\"og:image:type\" content=\"image\/png\" \/>\n<meta name=\"twitter:card\" content=\"summary_large_image\" \/>\n<meta name=\"twitter:label1\" content=\"Predpokladan\u00fd \u010das \u010d\u00edtania\" \/>\n\t<meta name=\"twitter:data1\" content=\"7 min\u00fat\" \/>\n<script type=\"application\/ld+json\" class=\"yoast-schema-graph\">{\"@context\":\"https:\/\/schema.org\",\"@graph\":[{\"@type\":\"WebPage\",\"@id\":\"https:\/\/utaiga.com\/sk\/certifikaty\/\",\"url\":\"https:\/\/utaiga.com\/sk\/certifikaty\/\",\"name\":\"Certifik\u00e1ty | Utaiga\",\"isPartOf\":{\"@id\":\"https:\/\/utaiga.com\/sk\/#website\"},\"datePublished\":\"2017-07-09T13:32:15+00:00\",\"dateModified\":\"2017-11-23T23:46:08+00:00\",\"description\":\"Na\u0161e dizajny s\u00fa tla\u010den\u00e9 v\u00fdhradne na oble\u010denie od d\u00e1nskej spolo\u010dnosti Neutral\u00ae. Ich produkty sp\u013a\u0148aj\u00fa najvy\u0161\u0161ie \u0161tandardy a maj\u00fa t\u00fdchto \u0161es\u0165 certifik\u00e1tov.\",\"breadcrumb\":{\"@id\":\"https:\/\/utaiga.com\/sk\/certifikaty\/#breadcrumb\"},\"inLanguage\":\"sk-SK\",\"potentialAction\":[{\"@type\":\"ReadAction\",\"target\":[\"https:\/\/utaiga.com\/sk\/certifikaty\/\"]}]},{\"@type\":\"BreadcrumbList\",\"@id\":\"https:\/\/utaiga.com\/sk\/certifikaty\/#breadcrumb\",\"itemListElement\":[{\"@type\":\"ListItem\",\"position\":1,\"name\":\"Domovsk\u00e1 str\u00e1nka\",\"item\":\"https:\/\/utaiga.com\/sk\/uvod\/\"},{\"@type\":\"ListItem\",\"position\":2,\"name\":\"Certifik\u00e1ty\"}]},{\"@type\":\"WebSite\",\"@id\":\"https:\/\/utaiga.com\/sk\/#website\",\"url\":\"https:\/\/utaiga.com\/sk\/\",\"name\":\"Utaiga\",\"description\":\"It&#039;s up to U...\",\"potentialAction\":[{\"@type\":\"SearchAction\",\"target\":{\"@type\":\"EntryPoint\",\"urlTemplate\":\"https:\/\/utaiga.com\/sk\/?s={search_term_string}\"},\"query-input\":{\"@type\":\"PropertyValueSpecification\",\"valueRequired\":true,\"valueName\":\"search_term_string\"}}],\"inLanguage\":\"sk-SK\"}]}<\/script>\n<!-- \/ Yoast SEO plugin. -->","yoast_head_json":{"title":"Certifik\u00e1ty | Utaiga","description":"Na\u0161e dizajny s\u00fa tla\u010den\u00e9 v\u00fdhradne na oble\u010denie od d\u00e1nskej spolo\u010dnosti Neutral\u00ae. Ich produkty sp\u013a\u0148aj\u00fa najvy\u0161\u0161ie \u0161tandardy a maj\u00fa t\u00fdchto \u0161es\u0165 certifik\u00e1tov.","robots":{"index":"index","follow":"follow","max-snippet":"max-snippet:-1","max-image-preview":"max-image-preview:large","max-video-preview":"max-video-preview:-1"},"canonical":"https:\/\/utaiga.com\/sk\/certifikaty\/","og_locale":"sk_SK","og_type":"article","og_title":"Certifik\u00e1ty | Utaiga","og_description":"Na\u0161e dizajny s\u00fa tla\u010den\u00e9 v\u00fdhradne na oble\u010denie od d\u00e1nskej spolo\u010dnosti Neutral\u00ae. Ich produkty sp\u013a\u0148aj\u00fa najvy\u0161\u0161ie \u0161tandardy a maj\u00fa t\u00fdchto \u0161es\u0165 certifik\u00e1tov.","og_url":"https:\/\/utaiga.com\/sk\/certifikaty\/","og_site_name":"Utaiga","article_publisher":"https:\/\/www.facebook.com\/utaigaofficial\/","article_modified_time":"2017-11-23T23:46:08+00:00","og_image":[{"width":4000,"height":2208,"url":"https:\/\/utaiga.com\/wp-content\/uploads\/2017\/07\/Utaiga_logo_long_final.png","type":"image\/png"}],"twitter_card":"summary_large_image","twitter_misc":{"Predpokladan\u00fd \u010das \u010d\u00edtania":"7 min\u00fat"},"schema":{"@context":"https:\/\/schema.org","@graph":[{"@type":"WebPage","@id":"https:\/\/utaiga.com\/sk\/certifikaty\/","url":"https:\/\/utaiga.com\/sk\/certifikaty\/","name":"Certifik\u00e1ty | Utaiga","isPartOf":{"@id":"https:\/\/utaiga.com\/sk\/#website"},"datePublished":"2017-07-09T13:32:15+00:00","dateModified":"2017-11-23T23:46:08+00:00","description":"Na\u0161e dizajny s\u00fa tla\u010den\u00e9 v\u00fdhradne na oble\u010denie od d\u00e1nskej spolo\u010dnosti Neutral\u00ae. Ich produkty sp\u013a\u0148aj\u00fa najvy\u0161\u0161ie \u0161tandardy a maj\u00fa t\u00fdchto \u0161es\u0165 certifik\u00e1tov.","breadcrumb":{"@id":"https:\/\/utaiga.com\/sk\/certifikaty\/#breadcrumb"},"inLanguage":"sk-SK","potentialAction":[{"@type":"ReadAction","target":["https:\/\/utaiga.com\/sk\/certifikaty\/"]}]},{"@type":"BreadcrumbList","@id":"https:\/\/utaiga.com\/sk\/certifikaty\/#breadcrumb","itemListElement":[{"@type":"ListItem","position":1,"name":"Domovsk\u00e1 str\u00e1nka","item":"https:\/\/utaiga.com\/sk\/uvod\/"},{"@type":"ListItem","position":2,"name":"Certifik\u00e1ty"}]},{"@type":"WebSite","@id":"https:\/\/utaiga.com\/sk\/#website","url":"https:\/\/utaiga.com\/sk\/","name":"Utaiga","description":"It&#039;s up to U...","potentialAction":[{"@type":"SearchAction","target":{"@type":"EntryPoint","urlTemplate":"https:\/\/utaiga.com\/sk\/?s={search_term_string}"},"query-input":{"@type":"PropertyValueSpecification","valueRequired":true,"valueName":"search_term_string"}}],"inLanguage":"sk-SK"}]}},"_links":{"self":[{"href":"https:\/\/utaiga.com\/sk\/wp-json\/wp\/v2\/pages\/29893","targetHints":{"allow":["GET"]}}],"collection":[{"href":"https:\/\/utaiga.com\/sk\/wp-json\/wp\/v2\/pages"}],"about":[{"href":"https:\/\/utaiga.com\/sk\/wp-json\/wp\/v2\/types\/page"}],"author":[{"embeddable":true,"href":"https:\/\/utaiga.com\/sk\/wp-json\/wp\/v2\/users\/1"}],"replies":[{"embeddable":true,"href":"https:\/\/utaiga.com\/sk\/wp-json\/wp\/v2\/comments?post=29893"}],"version-history":[{"count":7,"href":"https:\/\/utaiga.com\/sk\/wp-json\/wp\/v2\/pages\/29893\/revisions"}],"predecessor-version":[{"id":30062,"href":"https:\/\/utaiga.com\/sk\/wp-json\/wp\/v2\/pages\/29893\/revisions\/30062"}],"wp:attachment":[{"href":"https:\/\/utaiga.com\/sk\/wp-json\/wp\/v2\/media?parent=29893"}],"curies":[{"name":"wp","href":"https:\/\/api.w.org\/{rel}","templated":true}]}}